{"id":4686,"date":"2020-06-02T11:10:10","date_gmt":"2020-06-02T09:10:10","guid":{"rendered":"https:\/\/stop-finning.eu\/?page_id=4686"},"modified":"2022-02-18T19:30:34","modified_gmt":"2022-02-18T18:30:34","slug":"malwettbewerb","status":"publish","type":"page","link":"https:\/\/stop-finning-eu.org\/de\/malwettbewerb\/","title":{"rendered":"Malwettbewerb"},"content":{"rendered":"<p><div class=\"fusion-fullwidth fullwidth-box fusion-builder-row-1 nonhundred-percent-fullwidth non-hundred-percent-height-scrolling\" style=\"background-color: #ee6059;background-position: center center;background-repeat: no-repeat;padding-top:60px;padding-right:0px;padding-bottom:30px;padding-left:0px;margin-bottom: 0px;margin-top: 0px;border-width: 0px 0px 0px 0px;border-color:#25292b;border-style:solid;\" ><div class=\"fusion-builder-row fusion-row\"><div class=\"fusion-layout-column fusion_builder_column fusion-builder-column-0 fusion_builder_column_1_1 1_1 fusion-one-full fusion-column-first fusion-column-last\" style=\"margin-top:0px;margin-bottom:20px;\"><div class=\"fusion-column-wrapper fusion-flex-column-wrapper-legacy\" style=\"background-position:left top;background-repeat:no-repeat;-webkit-background-size:cover;-moz-background-size:cover;-o-background-size:cover;background-size:cover;padding: 0px 0px 0px 0px;\"><div class=\"fusion-text fusion-text-1\"><h2 style=\"text-align: center;\">Malwettbewerb \u201eMein Freund der Hai\u201c<\/h2>\n<\/div><div class=\"fusion-clearfix\"><\/div><\/div><\/div><\/div><\/div><div class=\"fusion-fullwidth fullwidth-box fusion-builder-row-2 hundred-percent-fullwidth non-hundred-percent-height-scrolling\" style=\"background-color: #25292b;background-position: center center;background-repeat: no-repeat;padding-top:0px;padding-right:0px;padding-bottom:0px;padding-left:0px;margin-bottom: 0px;margin-top: 0px;border-width: 0px 0px 0px 0px;border-color:#25292b;border-style:solid;\" ><div class=\"fusion-builder-row fusion-row\"><div class=\"fusion-layout-column fusion_builder_column fusion-builder-column-1 fusion_builder_column_1_1 1_1 fusion-one-full fusion-column-first fusion-column-last fusion-column-no-min-height\" style=\"margin-top:0px;margin-bottom:0px;\"><div class=\"fusion-column-wrapper fusion-flex-column-wrapper-legacy\" style=\"background-position:left top;background-repeat:no-repeat;-webkit-background-size:cover;-moz-background-size:cover;-o-background-size:cover;background-size:cover;padding: 0px 0px 0px 0px;\"><div class=\"fusion-section-separator section-separator triangle fusion-section-separator-1\"><div class=\"fusion-section-separator-svg\" style=\"border-bottom:0px solid #ee6059;margin-left: 0px;margin-right: 0px;\"><div class=\"divider-candy-arrow bottom\" style=\"top:0px;border-top-color: #ee6059;\"><\/div><div class=\"divider-candy bottom\" style=\"bottom:-20px;border-bottom:1px solid #ee6059;border-left:1px solid #ee6059;\"><\/div><\/div><div class=\"fusion-section-separator-spacer\"><div class=\"fusion-section-separator-spacer-height\" style=\"height:0px;\"><\/div><\/div><\/div><div class=\"fusion-clearfix\"><\/div><\/div><\/div><\/div><\/div><div class=\"fusion-fullwidth fullwidth-box fusion-builder-row-3 nonhundred-percent-fullwidth non-hundred-percent-height-scrolling\" style=\"background-color: #25292b;background-position: center center;background-repeat: no-repeat;padding-top:100px;padding-right:0px;padding-bottom:70px;padding-left:0px;margin-bottom: 0px;margin-top: 0px;border-width: 0px 0px 0px 0px;border-color:#25292b;border-style:solid;\" ><div class=\"fusion-builder-row fusion-row\"><div class=\"fusion-layout-column fusion_builder_column fusion-builder-column-2 fusion_builder_column_1_1 1_1 fusion-one-full fusion-column-first fusion-column-last\" style=\"margin-top:0px;margin-bottom:20px;\"><div class=\"fusion-column-wrapper fusion-flex-column-wrapper-legacy\" style=\"background-position:left top;background-repeat:no-repeat;-webkit-background-size:cover;-moz-background-size:cover;-o-background-size:cover;background-size:cover;padding: 0px 0px 0px 0px;\"><div class=\"fusion-text fusion-text-2\"><p style=\"text-align: center;\">Die B\u00fcrgerinitiative #StopFinningEU, ohne festen Vereinssitz, veranstaltet einen Malwettbewerb und vergibt je nach Platzierung Preise, welche durch Sharproject.org finanziert werden.<\/p>\n<p style=\"text-align: center;\">Mit der Teilnahme am Malwettbewerb erkl\u00e4rt sich der Nutzer mit den nachstehenden Teilnahmebedingungen und der Inhalteverantwortung einverstanden.<\/p>\n<\/div><div class=\"fusion-text fusion-text-3\"><h2 style=\"text-align: center;\">Teilnahmebedingungen<\/h2>\n<\/div><div class=\"fusion-clearfix\"><\/div><\/div><\/div><div class=\"fusion-layout-column fusion_builder_column fusion-builder-column-3 fusion_builder_column_1_2 1_2 fusion-one-half fusion-column-first\" style=\"width:50%;width:calc(50% - ( ( 4% ) * 0.5 ) );margin-right: 4%;margin-top:0px;margin-bottom:20px;\"><div class=\"fusion-column-wrapper fusion-flex-column-wrapper-legacy\" style=\"background-position:left top;background-repeat:no-repeat;-webkit-background-size:cover;-moz-background-size:cover;-o-background-size:cover;background-size:cover;padding: 0px 0px 0px 0px;\"><div class=\"fusion-text fusion-text-4\"><h3>1. Was kann man gewinnen?<\/h3>\n<p>Die Gewinner werden \u00fcber die E-Mailadresse benachrichtigt, \u00fcber welche auch am Wettbewerb teilgenommen wurde. Dabei werden die Gewinner in zwei Gruppen aufgeteilt und erhalten entweder ihren Wunschhauptpreis oder einen Trostpreis. Der Wunschhauptpreis kann aus einer Auswahl gew\u00e4hlt werden. #StopFinningEU beh\u00e4lt sich vor, bei Lieferengp\u00e4ssen den Gewinner zu bitten, sich einen anderen Preis auszusuchen.<\/p>\n<p><strong>Hauptpreise (1-10. Platz):<\/strong><br \/>\nEntweder eine Unterwasserkamera, einen Pl\u00fcschhai von Wild Republic oder eine Vollgesichtsmaske in Haioptik zum Tauchen.<\/p>\n<p><strong>Trostpreise (11-20. Platz):<\/strong><br \/>\nJe ein geh\u00e4keltes Meerestierchen<\/p>\n<\/div><span class=\" fusion-imageframe imageframe-none imageframe-1 hover-type-none\"><img decoding=\"async\" width=\"740\" height=\"463\" title=\"malwettbewerb\" src=\"https:\/\/stop-finning-eu.org\/wp-content\/uploads\/2020\/06\/malwettbewerb.jpg\" class=\"img-responsive wp-image-4695\" srcset=\"https:\/\/stop-finning-eu.org\/wp-content\/uploads\/2020\/06\/malwettbewerb-200x125.jpg 200w, https:\/\/stop-finning-eu.org\/wp-content\/uploads\/2020\/06\/malwettbewerb-400x250.jpg 400w, https:\/\/stop-finning-eu.org\/wp-content\/uploads\/2020\/06\/malwettbewerb-600x375.jpg 600w, https:\/\/stop-finning-eu.org\/wp-content\/uploads\/2020\/06\/malwettbewerb.jpg 740w\" sizes=\"(max-width: 800px) 100vw, 600px\" \/><\/span><div class=\"fusion-clearfix\"><\/div><\/div><\/div><div class=\"fusion-layout-column fusion_builder_column fusion-builder-column-4 fusion_builder_column_1_2 1_2 fusion-one-half fusion-column-last\" style=\"width:50%;width:calc(50% - ( ( 4% ) * 0.5 ) );margin-top:0px;margin-bottom:20px;\"><div class=\"fusion-column-wrapper fusion-flex-column-wrapper-legacy\" style=\"background-position:left top;background-repeat:no-repeat;-webkit-background-size:cover;-moz-background-size:cover;-o-background-size:cover;background-size:cover;padding: 0px 0px 0px 0px;\"><div class=\"fusion-text fusion-text-5\"><h3>2. Wie kann man gewinnen?<\/h3>\n<p>\u00dcber den Malwettbewerb wird parallel auf den #StopFinningEU Instagram und Facebook Fanpages berichtet. Dort werden die Bilder ver\u00f6ffentlicht. F\u00fcr die Teilnahme muss das Bild als Foto per E-Mail, einschlie\u00dflich Vorname, Alter und Wohnort des Kindes, unter dem Betreff Malwettbewerb ,,Mein Freund der Hai\u201c an folgende Adresse geschickt werden: l.merx@stop-finning.eu.<\/p>\n<p>Die Erziehungsberechtigten k\u00f6nnen der Ver\u00f6ffentlichung des Namens und\/oder des Alters auf Facebook, Instagram und der Website von #StopFinningEU ohne jegliche Gr\u00fcnde in der Teilnahme-E-Mail widersprechen.<br \/>\nPro Kind kann ein Bild eingereicht werden.<\/p>\n<h3>3. \u00dcber welchen Zeitraum findet die Aktion statt?<\/h3>\n<p>Die Aktion startet am 08.06.2020 um 18:00 Uhr. Der Einsendeschluss ist der 30.06.2020.<\/p>\n<h3><\/h3>\n<h3>4. Wer kann mitmachen?<\/h3>\n<p>Die Teilnahme ist kostenlos und jeder nat\u00fcrlichen Person erlaubt. Als Teilnehmende sind an dieser Stelle die Erziehungsberechtigen der Verfasser zu verstehen. Die Kinder (Verfasser), die das zu bewertende Bild erstellen, sollen sich im Grundschulalter befinden (1.-4. Klasse). Zur Teilnahme am Gewinnspiel berechtigt sind nat\u00fcrliche Personen mit Wohnsitz in der EU, die zum Zeitpunkt der Teilnahme mindestens 18 Jahre alt sind. Eine Teilnahme erfordert die wahrheitsgem\u00e4\u00dfe Angabe der teilnahmerelevanten Daten. Gewinnspielvereine sowie automatisierte Gewinnspiel-Dienste sind nicht teilnahmeberechtigt.<\/p>\n<\/div><div class=\"fusion-clearfix\"><\/div><\/div><\/div><\/div><\/div><div class=\"fusion-fullwidth fullwidth-box fusion-builder-row-4 nonhundred-percent-fullwidth non-hundred-percent-height-scrolling\" style=\"background-color: #25292b;background-position: center center;background-repeat: no-repeat;padding-top:0px;padding-right:0px;padding-bottom:0px;padding-left:0px;margin-bottom: 0px;margin-top: 0px;border-width: 0px 0px 0px 0px;border-color:#25292b;border-style:solid;\" ><div class=\"fusion-builder-row fusion-row\"><div class=\"fusion-layout-column fusion_builder_column fusion-builder-column-5 fusion_builder_column_1_2 1_2 fusion-one-half fusion-column-first\" style=\"width:50%;width:calc(50% - ( ( 4% ) * 0.5 ) );margin-right: 4%;margin-top:0px;margin-bottom:20px;\"><div class=\"fusion-column-wrapper fusion-flex-column-wrapper-legacy\" style=\"background-position:left top;background-repeat:no-repeat;-webkit-background-size:cover;-moz-background-size:cover;-o-background-size:cover;background-size:cover;padding: 0px 0px 0px 0px;\"><div class=\"fusion-text fusion-text-6\"><h3>5. Wer wird von der Teilnahme ausgeschlossen?<\/h3>\n<p>#StopFinningEU ist berechtigt, einzelne Personen von der Teilnahme auszuschlie\u00dfen, sofern berechtigte Gr\u00fcnde, wie z.B. ein Versto\u00df gegen diese Teilnahmebedingungen, doppelte oder mehrfache Teilnahme, Manipulation etc., vorliegen und beh\u00e4lt sich vor, rechtliche Schritte einzuleiten. Mitarbeiter von #StopFinningEU sowie deren Angeh\u00f6rige d\u00fcrfen an diesem Gewinnspiel nicht teilnehmen.<\/p>\n<h3><\/h3>\n<h3>6. Wie werden die Gewinner ermittelt?<\/h3>\n<p>Die #StopFinningEU-Jury entscheidet, welche eingereichten Bilder pr\u00e4miert werden. Alle eingereichten Bilder werden, mit Erlaubnis der Teilnehmenden, auf Instagram und der Website stop-finning.eu gepostet. Es besteht die M\u00f6glichkeit der Bildver\u00f6ffentlichung ohne Angabe des Namens und\/oder des Alters, falls vom Teilnehmenden gew\u00fcnscht.<\/p>\n<h3><\/h3>\n<h3>7. Wie erfahre ich, ob ich gewonnen habe?<\/h3>\n<p>Die Gewinnbenachrichtigung erfolgt durch #StopFinningEU per E-Mail an die vom Teilnehmenden angegeben Kontaktadresse.<\/p>\n<h3><\/h3>\n<h3>8. Wie erhalte ich den Gewinn?<\/h3>\n<p>Mit der Gewinnbenachrichtigung werden die Gewinner gebeten, #StopFinningEU die zur \u00dcbersendung oder \u00dcbergabe des Gewinns genannten Kontaktdaten mitzuteilen. F\u00fcr die Richtigkeit der angegebenen Kontaktdaten sind die Teilnehmer verantwortlich.<\/p>\n<h3><\/h3>\n<h3>9. Was passiert, wenn ich mich nach der Gewinnbenachrichtigung nicht melde?<\/h3>\n<p>Sollte sich ein Gewinner nicht innerhalb einer Woche nach der Gewinnbenachrichtigung bei #StopFinningEU melden, verf\u00e4llt der Gewinnanspruch. Das Gleiche gilt f\u00fcr den Fall, dass ein Gewinner #StopFinningEU falsche Kontaktdaten mitteilt und die \u00dcbersendung oder \u00dcbergabe des Gewinns deshalb nicht m\u00f6glich ist.<\/p>\n<h3><\/h3>\n<h3>10. Vorbehaltsklausel<\/h3>\n<p>#StopFinningEU beh\u00e4lt sich vor, das Gewinnspiel zu jedem Zeitpunkt ohne Vorank\u00fcndigung und ohne Angabe von Gr\u00fcnden zu modifizieren, zu unterbrechen oder zu beenden. Von dieser M\u00f6glichkeit macht #StopFinningEU allerdings nur dann Gebrauch, wenn aus Gr\u00fcnden der h\u00f6heren Gewalt, aus technischen Gr\u00fcnden (z.B. Viren im Computersystem, Manipulation oder Fehler in der Hard- und\/oder Software) oder aus rechtlichen Gr\u00fcnden eine ordnungsgem\u00e4\u00dfe Durchf\u00fchrung des Spiels nicht gew\u00e4hrleistet werden kann. #StopFinningEU haftet nicht f\u00fcr Verluste, Ausf\u00e4lle oder Versp\u00e4tungen, die durch Umst\u00e4nde herbeigef\u00fchrt wurden, die au\u00dferhalb des Verantwortungsbereichs von #StopFinningEU liegen. In begr\u00fcndeten F\u00e4llen kann der Gewinn durch gleichwertige Preise ersetzt werden.<\/p>\n<\/div><div class=\"fusion-clearfix\"><\/div><\/div><\/div><div class=\"fusion-layout-column fusion_builder_column fusion-builder-column-6 fusion_builder_column_1_2 1_2 fusion-one-half fusion-column-last\" style=\"width:50%;width:calc(50% - ( ( 4% ) * 0.5 ) );margin-top:0px;margin-bottom:20px;\"><div class=\"fusion-column-wrapper fusion-flex-column-wrapper-legacy\" style=\"background-position:left top;background-repeat:no-repeat;-webkit-background-size:cover;-moz-background-size:cover;-o-background-size:cover;background-size:cover;padding: 0px 0px 0px 0px;\"><div class=\"fusion-text fusion-text-7\"><h3>11. Datenschutzbestimmungen<\/h3>\n<p>Sicherheit und Zufriedenheit stehen bei #StopFinningEU im Mittelpunkt. #StopFinningEU speichert und nutzt die erhobenen Daten ausschlie\u00dflich f\u00fcr die Durchf\u00fchrung des Gewinnspiels. Nach Ablauf des Gewinnspiels werden alle Angaben gel\u00f6scht, sofern sie nicht aus rechtlichen Gr\u00fcnden aufbewahrt werden m\u00fcssen. Eine Weitergabe der Daten und die werbliche Nutzung ist ausgeschlossen.<\/p>\n<h3>12. Nutzungsrechte<\/h3>\n<p>Die Gewinner r\u00e4umen #StopFinningEU an den \u00fcbermittelten Inhalten ein ausschlie\u00dfliches, \u00fcbertragbares, zeitlich sowie r\u00e4umlich unbegrenztes Nutzungsrecht ein. Die Rechteeinr\u00e4umungen gelten au\u00dferdem auch f\u00fcr die Nutzung im Rahmen jeglicher Form der Werbung und\/oder \u00d6ffentlichkeitsarbeit (auch unter Verwendung der Inhalte als integraler Bestandteil von Online-Werbung, etwa im Rahmen von Bannern, Videos, Screenshots, Audio-Samples, Teasern, Newslettern, Titeln und Namen) f\u00fcr die Gesch\u00e4ftst\u00e4tigkeit, Dienstleistungen oder Produkte von #StopFinningEU. Der Teilnehmer hat sicherzustellen, dass #StopFinningEU nicht dazu verpflichtet ist, den Ersteller der Inhalte im Rahmen der Aus\u00fcbung der Nutzungsrechte zu nennen. Der Teilnehmer (Erziehungsberechtigte\/r) versichert, dass das Kind Urheber bzw. Urheberin des eingereichten Bildes ist und es daran die uneingeschr\u00e4nkten Verwertungsrechte innehat. Der Teilnehmer garantiert au\u00dferdem, dass die Aus\u00fcbung der Nutzungsrechte nicht gegen Rechte Dritter und\/oder sonstige gesetzliche Vorschriften verst\u00f6\u00dft.<\/p>\n<h3><\/h3>\n<h3>13. Sonstiges<\/h3>\n<p>Eine Barauszahlung von Gewinnen ist nicht m\u00f6glich. Gewinnanspr\u00fcche k\u00f6nnen nicht auf andere Personen \u00fcbertragen oder abgetreten werden. Der Rechtsweg ist ausgeschlossen. Sollten einzelne Bestimmungen der Teilnahmebedingungen ung\u00fcltig sein oder ung\u00fcltig werden, bleibt die G\u00fcltigkeit der \u00fcbrigen Teilnahmebedingungen unber\u00fchrt. An ihre Stelle tritt eine angemessene Regelung, die dem Zweck der unwirksamen Bestimmung am ehesten entspricht. #StopFinningEU beh\u00e4lt sich vor, die Teilnahmebedingungen jederzeit zu \u00e4ndern.<\/p>\n<h3><\/h3>\n<h3>14. Freistellung von Facebook, Instagram und Amazon<\/h3>\n<p>Dieses Gewinnspiel wird durchgef\u00fchrt von #StopFinningEU. Es steht in keiner Verbindung zu Facebook und wird in keiner Weise von Facebook gesponsert, unterst\u00fctzt oder organisiert. Informationen werden an #StopFinningEU, nicht an Facebook \u00fcbermittelt.<br \/>\nDieses Gewinnspiel wird durchgef\u00fchrt von #StopFinningEU. Es steht in keiner Verbindung zu Instagram und wird in keiner Weise von Instagram gesponsert, unterst\u00fctzt oder organisiert. Informationen werden an #StopFinningEU, nicht an Instagram \u00fcbermittelt.<br \/>\nDieses Gewinnspiel wird durchgef\u00fchrt von #StopFinningEU. Es steht in keiner Verbindung zu Amazon und wird in keiner Weise von Amazon gesponsert, unterst\u00fctzt oder organisiert. Informationen werden an #StopFinningEU \u00fcbermittelt. Die Adresse des Gewinners des 1-10. Platzes wird zu Versand Zwecken an Amazon \u00fcbermittelt und nach Beendigung des Gewinnspiels gel\u00f6scht.<\/p>\n<\/div><div class=\"fusion-clearfix\"><\/div><\/div><\/div><\/div><\/div><\/p>\n","protected":false},"excerpt":{"rendered":"","protected":false},"author":6,"featured_media":0,"parent":0,"menu_order":0,"comment_status":"closed","ping_status":"closed","template":"100-width.php","meta":{"footnotes":""},"class_list":["post-4686","page","type-page","status-publish","hentry"],"yoast_head":"<!-- This site is optimized with the Yoast SEO plugin v26.1.1 - https:\/\/yoast.com\/wordpress\/plugins\/seo\/ -->\n<title>Malwettbewerb - STOP FINNING<\/title>\n<meta name=\"robots\" content=\"index, follow, max-snippet:-1, max-image-preview:large, max-video-preview:-1\" \/>\n<link rel=\"canonical\" href=\"https:\/\/stop-finning-eu.org\/de\/malwettbewerb\/\" \/>\n<meta property=\"og:locale\" content=\"de_DE\" \/>\n<meta property=\"og:type\" content=\"article\" \/>\n<meta property=\"og:title\" content=\"Malwettbewerb - STOP FINNING\" \/>\n<meta property=\"og:url\" content=\"https:\/\/stop-finning-eu.org\/de\/malwettbewerb\/\" \/>\n<meta property=\"og:site_name\" content=\"STOP FINNING\" \/>\n<meta property=\"article:modified_time\" content=\"2022-02-18T18:30:34+00:00\" \/>\n<meta property=\"og:image\" content=\"https:\/\/stop-finning-eu.org\/wp-content\/uploads\/2020\/02\/stop_finning_eu-en-1024x724.jpg\" \/>\n\t<meta property=\"og:image:width\" content=\"1024\" \/>\n\t<meta property=\"og:image:height\" content=\"724\" \/>\n\t<meta property=\"og:image:type\" content=\"image\/jpeg\" \/>\n<meta name=\"twitter:card\" content=\"summary_large_image\" \/>\n<meta name=\"twitter:label1\" content=\"Gesch\u00e4tzte Lesezeit\" \/>\n\t<meta name=\"twitter:data1\" content=\"8\u00a0Minuten\" \/>\n<script type=\"application\/ld+json\" class=\"yoast-schema-graph\">{\"@context\":\"https:\/\/schema.org\",\"@graph\":[{\"@type\":\"WebPage\",\"@id\":\"https:\/\/stop-finning-eu.org\/de\/malwettbewerb\/\",\"url\":\"https:\/\/stop-finning-eu.org\/de\/malwettbewerb\/\",\"name\":\"Malwettbewerb - STOP FINNING\",\"isPartOf\":{\"@id\":\"https:\/\/stop-finning-eu.org\/#website\"},\"datePublished\":\"2020-06-02T09:10:10+00:00\",\"dateModified\":\"2022-02-18T18:30:34+00:00\",\"breadcrumb\":{\"@id\":\"https:\/\/stop-finning-eu.org\/de\/malwettbewerb\/#breadcrumb\"},\"inLanguage\":\"de\",\"potentialAction\":[{\"@type\":\"ReadAction\",\"target\":[\"https:\/\/stop-finning-eu.org\/de\/malwettbewerb\/\"]}]},{\"@type\":\"BreadcrumbList\",\"@id\":\"https:\/\/stop-finning-eu.org\/de\/malwettbewerb\/#breadcrumb\",\"itemListElement\":[{\"@type\":\"ListItem\",\"position\":1,\"name\":\"Startseite\",\"item\":\"https:\/\/stop-finning-eu.org\/de\/\"},{\"@type\":\"ListItem\",\"position\":2,\"name\":\"Malwettbewerb\"}]},{\"@type\":\"WebSite\",\"@id\":\"https:\/\/stop-finning-eu.org\/#website\",\"url\":\"https:\/\/stop-finning-eu.org\/\",\"name\":\"STOP FINNING\",\"description\":\"It\u00b4s time for Europe to act!\",\"potentialAction\":[{\"@type\":\"SearchAction\",\"target\":{\"@type\":\"EntryPoint\",\"urlTemplate\":\"https:\/\/stop-finning-eu.org\/?s={search_term_string}\"},\"query-input\":{\"@type\":\"PropertyValueSpecification\",\"valueRequired\":true,\"valueName\":\"search_term_string\"}}],\"inLanguage\":\"de\"}]}<\/script>\n<!-- \/ Yoast SEO plugin. -->","yoast_head_json":{"title":"Malwettbewerb - STOP FINNING","robots":{"index":"index","follow":"follow","max-snippet":"max-snippet:-1","max-image-preview":"max-image-preview:large","max-video-preview":"max-video-preview:-1"},"canonical":"https:\/\/stop-finning-eu.org\/de\/malwettbewerb\/","og_locale":"de_DE","og_type":"article","og_title":"Malwettbewerb - STOP FINNING","og_url":"https:\/\/stop-finning-eu.org\/de\/malwettbewerb\/","og_site_name":"STOP FINNING","article_modified_time":"2022-02-18T18:30:34+00:00","og_image":[{"width":1024,"height":724,"url":"https:\/\/stop-finning-eu.org\/wp-content\/uploads\/2020\/02\/stop_finning_eu-en-1024x724.jpg","type":"image\/jpeg"}],"twitter_card":"summary_large_image","twitter_misc":{"Gesch\u00e4tzte Lesezeit":"8\u00a0Minuten"},"schema":{"@context":"https:\/\/schema.org","@graph":[{"@type":"WebPage","@id":"https:\/\/stop-finning-eu.org\/de\/malwettbewerb\/","url":"https:\/\/stop-finning-eu.org\/de\/malwettbewerb\/","name":"Malwettbewerb - STOP FINNING","isPartOf":{"@id":"https:\/\/stop-finning-eu.org\/#website"},"datePublished":"2020-06-02T09:10:10+00:00","dateModified":"2022-02-18T18:30:34+00:00","breadcrumb":{"@id":"https:\/\/stop-finning-eu.org\/de\/malwettbewerb\/#breadcrumb"},"inLanguage":"de","potentialAction":[{"@type":"ReadAction","target":["https:\/\/stop-finning-eu.org\/de\/malwettbewerb\/"]}]},{"@type":"BreadcrumbList","@id":"https:\/\/stop-finning-eu.org\/de\/malwettbewerb\/#breadcrumb","itemListElement":[{"@type":"ListItem","position":1,"name":"Startseite","item":"https:\/\/stop-finning-eu.org\/de\/"},{"@type":"ListItem","position":2,"name":"Malwettbewerb"}]},{"@type":"WebSite","@id":"https:\/\/stop-finning-eu.org\/#website","url":"https:\/\/stop-finning-eu.org\/","name":"STOP FINNING","description":"It\u00b4s time for Europe to act!","potentialAction":[{"@type":"SearchAction","target":{"@type":"EntryPoint","urlTemplate":"https:\/\/stop-finning-eu.org\/?s={search_term_string}"},"query-input":{"@type":"PropertyValueSpecification","valueRequired":true,"valueName":"search_term_string"}}],"inLanguage":"de"}]}},"_links":{"self":[{"href":"https:\/\/stop-finning-eu.org\/de\/wp-json\/wp\/v2\/pages\/4686","targetHints":{"allow":["GET"]}}],"collection":[{"href":"https:\/\/stop-finning-eu.org\/de\/wp-json\/wp\/v2\/pages"}],"about":[{"href":"https:\/\/stop-finning-eu.org\/de\/wp-json\/wp\/v2\/types\/page"}],"author":[{"embeddable":true,"href":"https:\/\/stop-finning-eu.org\/de\/wp-json\/wp\/v2\/users\/6"}],"replies":[{"embeddable":true,"href":"https:\/\/stop-finning-eu.org\/de\/wp-json\/wp\/v2\/comments?post=4686"}],"version-history":[{"count":2,"href":"https:\/\/stop-finning-eu.org\/de\/wp-json\/wp\/v2\/pages\/4686\/revisions"}],"predecessor-version":[{"id":12789,"href":"https:\/\/stop-finning-eu.org\/de\/wp-json\/wp\/v2\/pages\/4686\/revisions\/12789"}],"wp:attachment":[{"href":"https:\/\/stop-finning-eu.org\/de\/wp-json\/wp\/v2\/media?parent=4686"}],"curies":[{"name":"wp","href":"https:\/\/api.w.org\/{rel}","templated":true}]}}