{"id":930,"date":"2019-07-22T11:33:37","date_gmt":"2019-07-22T09:33:37","guid":{"rendered":"http:\/\/s3kp6s3hk.de-02.live-paas.net\/?page_id=930"},"modified":"2023-05-03T11:41:01","modified_gmt":"2023-05-03T09:41:01","slug":"requirement","status":"publish","type":"page","link":"https:\/\/stop-finning-eu.org\/de\/requirement\/","title":{"rendered":"Forderung"},"content":{"rendered":"<p><div class=\"fusion-fullwidth fullwidth-box fusion-builder-row-1 nonhundred-percent-fullwidth non-hundred-percent-height-scrolling\" style=\"background-color: #25292b;background-position: left top;background-repeat: no-repeat;padding-top:100px;padding-right:0px;padding-bottom:0px;padding-left:0px;margin-bottom: 0px;margin-top: 0px;border-width: 0px 0px 0px 0px;border-color:#25292b;border-style:solid;\" ><div class=\"fusion-builder-row fusion-row\"><div class=\"fusion-layout-column fusion_builder_column fusion-builder-column-0 fusion_builder_column_1_1 1_1 fusion-one-full fusion-column-first fusion-column-last fusion-column-no-min-height\" style=\"margin-top:0px;margin-bottom:0px;\"><div class=\"fusion-column-wrapper fusion-flex-column-wrapper-legacy\" style=\"background-position:left top;background-repeat:no-repeat;-webkit-background-size:cover;-moz-background-size:cover;-o-background-size:cover;background-size:cover;padding: 0px 0px 0px 0px;\"><div class=\"fusion-text fusion-text-1\"><h2 style=\"text-align: left;\">Forderung<\/h2>\n<\/div><div class=\"fusion-clearfix\"><\/div><\/div><\/div><\/div><\/div><div class=\"fusion-fullwidth fullwidth-box fusion-builder-row-2 nonhundred-percent-fullwidth non-hundred-percent-height-scrolling\" style=\"background-color: #25292b;background-position: center center;background-repeat: no-repeat;padding-top:0px;padding-right:0px;padding-bottom:70px;padding-left:0px;margin-bottom: 0px;margin-top: 0px;border-width: 0px 0px 0px 0px;border-color:#25292b;border-style:solid;\" ><div class=\"fusion-builder-row fusion-row\"><div class=\"fusion-layout-column fusion_builder_column fusion-builder-column-1 fusion_builder_column_1_1 1_1 fusion-one-full fusion-column-first fusion-column-last\" style=\"margin-top:0px;margin-bottom:20px;\"><div class=\"fusion-column-wrapper fusion-flex-column-wrapper-legacy\" style=\"background-position:left top;background-repeat:no-repeat;-webkit-background-size:cover;-moz-background-size:cover;-o-background-size:cover;background-size:cover;padding: 0px 0px 0px 0px;\"><div class=\"fusion-text fusion-text-2\"><p><span data-sheets-value=\"{\" data-sheets-userformat=\"{\">Die Europ\u00e4ische B\u00fcrgerinitiative &#8222;STOP FINNING &#8211; STOP THE TRADE&#8220; wird von mehr als 100 Nichtregierungsorganisationen, zahllosen Partnern und Freiwilligen sowie 1.119.996 verifizierten EU-B\u00fcrgern unterst\u00fctzt, die ihre Unterst\u00fctzungserkl\u00e4rung abgegeben haben.<\/span><\/p>\n<p>Worum geht es bei dieser EBI? Sie fordert ein Ende des Handels mit Haifischflossen aus Europa. Eine der gr\u00f6\u00dften Gefahren f\u00fcr Haie besteht darin, dass sie wegen ihrer Flossen gejagt werden. Dabei handelt es sich nicht nur um &#8222;finning&#8220; im engeren Sinne, sondern auch um die brutale Praxis, Haie zu fangen, ihre wertvollen Flossen abzuschneiden und die Tiere zur\u00fcck ins Meer zu werfen, oft noch bei lebendigem Leib, wo sie verbluten oder ersticken. Gl\u00fccklicherweise ist dies in der EU seit der Verordnung (EU) Nr. 605\/2013 des Europ\u00e4ischen Parlaments und des Rates &#8222;Nat\u00fcrlich angebrachte Flossen&#8220; (&#8222;Fins Naturally Attached&#8220;), die noch immer in Kraft ist, verboten.<\/p>\n<p>Trotzdem kommen 45 % der nach Asien importierten Flossen aus der EU. Auch wenn den Haien die Qualen des Finning an Bord von Schiffen erspart bleiben, sind mit dem Handel mit losen Flossen gro\u00dfe Probleme verbunden. Die Auswirkungen dieses Handels sind weitaus gr\u00f6\u00dfer, als Sie vielleicht denken &#8211; jede einzelne Art des marinen \u00d6kosystems z\u00e4hlt. Sobald eine Art verloren geht, werden Prozesse in Gang gesetzt, die nicht nur die Haie, sondern uns alle betreffen.<\/p>\n<p>Deshalb ist die Forderung dieser EBI, die Regeln f\u00fcr den Handel mit losen Haifischflossen zu \u00e4ndern. Die derzeitige Verordnung &#8222;Fins Naturally Attached&#8220; besagt, dass die Flossen vor der Anlandung nicht vom K\u00f6rper des Hais entfernt werden d\u00fcrfen. Um den Handel mit losen Flossen zu unterbinden, sind zus\u00e4tzliche Rechtsvorschriften erforderlich, die die Ausfuhr, Einfuhr und Durchfuhr von losen Haifischflossen verbieten!<\/p>\n<\/div><div class=\"fusion-clearfix\"><\/div><\/div><\/div><\/div><\/div><\/p>\n","protected":false},"excerpt":{"rendered":"","protected":false},"author":6,"featured_media":0,"parent":0,"menu_order":0,"comment_status":"closed","ping_status":"closed","template":"100-width.php","meta":{"footnotes":""},"class_list":["post-930","page","type-page","status-publish","hentry"],"yoast_head":"<!-- This site is optimized with the Yoast SEO plugin v26.1.1 - https:\/\/yoast.com\/wordpress\/plugins\/seo\/ -->\n<title>Forderung - STOP FINNING<\/title>\n<meta name=\"robots\" content=\"index, follow, max-snippet:-1, max-image-preview:large, max-video-preview:-1\" \/>\n<link rel=\"canonical\" href=\"https:\/\/stop-finning-eu.org\/de\/requirement\/\" \/>\n<meta property=\"og:locale\" content=\"de_DE\" \/>\n<meta property=\"og:type\" content=\"article\" \/>\n<meta property=\"og:title\" content=\"Forderung - STOP FINNING\" \/>\n<meta property=\"og:url\" content=\"https:\/\/stop-finning-eu.org\/de\/requirement\/\" \/>\n<meta property=\"og:site_name\" content=\"STOP FINNING\" \/>\n<meta property=\"article:modified_time\" content=\"2023-05-03T09:41:01+00:00\" \/>\n<meta property=\"og:image\" content=\"https:\/\/stop-finning-eu.org\/wp-content\/uploads\/2020\/02\/stop_finning_eu-en-1024x724.jpg\" \/>\n\t<meta property=\"og:image:width\" content=\"1024\" \/>\n\t<meta property=\"og:image:height\" content=\"724\" \/>\n\t<meta property=\"og:image:type\" content=\"image\/jpeg\" \/>\n<meta name=\"twitter:card\" content=\"summary_large_image\" \/>\n<meta name=\"twitter:label1\" content=\"Gesch\u00e4tzte Lesezeit\" \/>\n\t<meta name=\"twitter:data1\" content=\"3\u00a0Minuten\" \/>\n<script type=\"application\/ld+json\" class=\"yoast-schema-graph\">{\"@context\":\"https:\/\/schema.org\",\"@graph\":[{\"@type\":\"WebPage\",\"@id\":\"https:\/\/stop-finning-eu.org\/de\/requirement\/\",\"url\":\"https:\/\/stop-finning-eu.org\/de\/requirement\/\",\"name\":\"Forderung - STOP FINNING\",\"isPartOf\":{\"@id\":\"https:\/\/stop-finning-eu.org\/#website\"},\"datePublished\":\"2019-07-22T09:33:37+00:00\",\"dateModified\":\"2023-05-03T09:41:01+00:00\",\"breadcrumb\":{\"@id\":\"https:\/\/stop-finning-eu.org\/de\/requirement\/#breadcrumb\"},\"inLanguage\":\"de\",\"potentialAction\":[{\"@type\":\"ReadAction\",\"target\":[\"https:\/\/stop-finning-eu.org\/de\/requirement\/\"]}]},{\"@type\":\"BreadcrumbList\",\"@id\":\"https:\/\/stop-finning-eu.org\/de\/requirement\/#breadcrumb\",\"itemListElement\":[{\"@type\":\"ListItem\",\"position\":1,\"name\":\"Startseite\",\"item\":\"https:\/\/stop-finning-eu.org\/de\/\"},{\"@type\":\"ListItem\",\"position\":2,\"name\":\"Forderung\"}]},{\"@type\":\"WebSite\",\"@id\":\"https:\/\/stop-finning-eu.org\/#website\",\"url\":\"https:\/\/stop-finning-eu.org\/\",\"name\":\"STOP FINNING\",\"description\":\"It\u00b4s time for Europe to act!\",\"potentialAction\":[{\"@type\":\"SearchAction\",\"target\":{\"@type\":\"EntryPoint\",\"urlTemplate\":\"https:\/\/stop-finning-eu.org\/?s={search_term_string}\"},\"query-input\":{\"@type\":\"PropertyValueSpecification\",\"valueRequired\":true,\"valueName\":\"search_term_string\"}}],\"inLanguage\":\"de\"}]}<\/script>\n<!-- \/ Yoast SEO plugin. -->","yoast_head_json":{"title":"Forderung - STOP FINNING","robots":{"index":"index","follow":"follow","max-snippet":"max-snippet:-1","max-image-preview":"max-image-preview:large","max-video-preview":"max-video-preview:-1"},"canonical":"https:\/\/stop-finning-eu.org\/de\/requirement\/","og_locale":"de_DE","og_type":"article","og_title":"Forderung - STOP FINNING","og_url":"https:\/\/stop-finning-eu.org\/de\/requirement\/","og_site_name":"STOP FINNING","article_modified_time":"2023-05-03T09:41:01+00:00","og_image":[{"width":1024,"height":724,"url":"https:\/\/stop-finning-eu.org\/wp-content\/uploads\/2020\/02\/stop_finning_eu-en-1024x724.jpg","type":"image\/jpeg"}],"twitter_card":"summary_large_image","twitter_misc":{"Gesch\u00e4tzte Lesezeit":"3\u00a0Minuten"},"schema":{"@context":"https:\/\/schema.org","@graph":[{"@type":"WebPage","@id":"https:\/\/stop-finning-eu.org\/de\/requirement\/","url":"https:\/\/stop-finning-eu.org\/de\/requirement\/","name":"Forderung - STOP FINNING","isPartOf":{"@id":"https:\/\/stop-finning-eu.org\/#website"},"datePublished":"2019-07-22T09:33:37+00:00","dateModified":"2023-05-03T09:41:01+00:00","breadcrumb":{"@id":"https:\/\/stop-finning-eu.org\/de\/requirement\/#breadcrumb"},"inLanguage":"de","potentialAction":[{"@type":"ReadAction","target":["https:\/\/stop-finning-eu.org\/de\/requirement\/"]}]},{"@type":"BreadcrumbList","@id":"https:\/\/stop-finning-eu.org\/de\/requirement\/#breadcrumb","itemListElement":[{"@type":"ListItem","position":1,"name":"Startseite","item":"https:\/\/stop-finning-eu.org\/de\/"},{"@type":"ListItem","position":2,"name":"Forderung"}]},{"@type":"WebSite","@id":"https:\/\/stop-finning-eu.org\/#website","url":"https:\/\/stop-finning-eu.org\/","name":"STOP FINNING","description":"It\u00b4s time for Europe to act!","potentialAction":[{"@type":"SearchAction","target":{"@type":"EntryPoint","urlTemplate":"https:\/\/stop-finning-eu.org\/?s={search_term_string}"},"query-input":{"@type":"PropertyValueSpecification","valueRequired":true,"valueName":"search_term_string"}}],"inLanguage":"de"}]}},"_links":{"self":[{"href":"https:\/\/stop-finning-eu.org\/de\/wp-json\/wp\/v2\/pages\/930","targetHints":{"allow":["GET"]}}],"collection":[{"href":"https:\/\/stop-finning-eu.org\/de\/wp-json\/wp\/v2\/pages"}],"about":[{"href":"https:\/\/stop-finning-eu.org\/de\/wp-json\/wp\/v2\/types\/page"}],"author":[{"embeddable":true,"href":"https:\/\/stop-finning-eu.org\/de\/wp-json\/wp\/v2\/users\/6"}],"replies":[{"embeddable":true,"href":"https:\/\/stop-finning-eu.org\/de\/wp-json\/wp\/v2\/comments?post=930"}],"version-history":[{"count":6,"href":"https:\/\/stop-finning-eu.org\/de\/wp-json\/wp\/v2\/pages\/930\/revisions"}],"predecessor-version":[{"id":15444,"href":"https:\/\/stop-finning-eu.org\/de\/wp-json\/wp\/v2\/pages\/930\/revisions\/15444"}],"wp:attachment":[{"href":"https:\/\/stop-finning-eu.org\/de\/wp-json\/wp\/v2\/media?parent=930"}],"curies":[{"name":"wp","href":"https:\/\/api.w.org\/{rel}","templated":true}]}}