{"id":934,"date":"2019-07-22T11:34:51","date_gmt":"2019-07-22T09:34:51","guid":{"rendered":"http:\/\/s3kp6s3hk.de-02.live-paas.net\/?page_id=934"},"modified":"2025-12-15T12:25:32","modified_gmt":"2025-12-15T11:25:32","slug":"impressum","status":"publish","type":"page","link":"https:\/\/stop-finning-eu.org\/de\/impressum\/","title":{"rendered":"Impressum"},"content":{"rendered":"<div class=\"fusion-fullwidth fullwidth-box fusion-builder-row-1 nonhundred-percent-fullwidth non-hundred-percent-height-scrolling\" style=\"background-color: #25292b;background-position: center center;background-repeat: no-repeat;padding-top:50px;padding-right:0px;padding-bottom:50px;padding-left:0px;margin-bottom: 0px;margin-top: 0px;border-width: 0px 0px 0px 0px;border-color:#25292b;border-style:solid;\" ><div class=\"fusion-builder-row fusion-row\"><div class=\"fusion-layout-column fusion_builder_column fusion-builder-column-0 fusion_builder_column_1_1 1_1 fusion-one-full fusion-column-first fusion-column-last\" style=\"margin-top:0px;margin-bottom:20px;\"><div class=\"fusion-column-wrapper fusion-flex-column-wrapper-legacy\" style=\"background-position:left top;background-repeat:no-repeat;-webkit-background-size:cover;-moz-background-size:cover;-o-background-size:cover;background-size:cover;padding: 0px 0px 0px 0px;\"><div class=\"fusion-text fusion-text-1\"><h2>Impressum<\/h2>\n<\/div><div class=\"fusion-clearfix\"><\/div><\/div><\/div><div class=\"fusion-layout-column fusion_builder_column fusion-builder-column-1 fusion_builder_column_1_2 1_2 fusion-one-half fusion-column-first\" style=\"width:50%;width:calc(50% - ( ( 4% ) * 0.5 ) );margin-right: 4%;margin-top:0px;margin-bottom:20px;\"><div class=\"fusion-column-wrapper fusion-flex-column-wrapper-legacy\" style=\"background-position:left top;background-repeat:no-repeat;-webkit-background-size:cover;-moz-background-size:cover;-o-background-size:cover;background-size:cover;padding: 0px 0px 0px 0px;\"><div class=\"fusion-text fusion-text-2\"><div class=\"wpb_column vc_column_container vc_col-sm-6\">\n<p><strong>Angaben Impressum gem\u00e4\u00df \u00a7 5 TMG:<\/strong><\/p>\n<p><strong>Stop Finning Deutschland e.V.<\/strong><br \/>\nD-25482 Appen<\/p>\n<p>Vertreten durch:<br \/>\nOliver Feist 1. Vorsitzender<br \/>\nJulian M\u00fcnster 2. Vorsitzender<\/p>\n<p>Telefon: +49 151 20665210<br \/>\nE-Mail: info<span class=\"fusion-contact-info-email-address\">@stop-finning-eu.org<\/span><br \/>\nInternet: stop-finning-eu.org<\/p>\n<p><strong>Vereinssatzung:<\/strong><\/p>\n<p>Die Satzung des Vereins ist unter folgendem Link zu finden (Stand 04.06.2014): <a href=\"http:\/\/shop.stop-finning.com\/wp-content\/uploads\/2018\/02\/Satzung_Stop_Finning_Deutschland_eV.pdf\">Satzung Stop Finning Deutschland e.V.<\/a><\/p>\n<p><strong>Registereintrag:<\/strong><\/p>\n<p>Eintragung im Vereinsregister.<br \/>\nRegistergericht: Pinneberg<br \/>\nRegisternummer: VR 1840 PI<\/p>\n<p><strong>Umsatzsteuer-ID:<\/strong><\/p>\n<p>Umsatzsteuer-Identifikationsnummer gem\u00e4\u00df \u00a7 27 a Umsatzsteuergesetz:<br \/>\n18\/294\/72219<\/p>\n<\/div>\n<\/div><div class=\"fusion-text fusion-text-3\"><div class=\"wpb_column vc_column_container vc_col-sm-6\">\n<p><strong>Haftungsausschluss (Disclaimer)<\/strong><\/p>\n<p><strong>Haftung f\u00fcr Inhalte<\/strong><\/p>\n<p>Die Inhalte dieser Website werden mit gr\u00f6\u00dftm\u00f6glicher Sorgfalt erstellt. Der Anbieter \u00fcbernimmt jedoch keine Gew\u00e4hr f\u00fcr die Richtigkeit, Vollst\u00e4ndigkeit und Aktualit\u00e4t der bereitgestellten Inhalte. Die Nutzung der Inhalte der Website erfolgt auf eigene Gefahr des Nutzers. Namentlich gekennzeichnete Beitr\u00e4ge geben die Meinung des jeweiligen Autors und nicht immer die Meinung des Anbieters wieder. Mit der reinen Nutzung der Website des Anbieters kommt keinerlei Vertragsverh\u00e4ltnis zwischen dem Nutzer und dem Anbieter zustande. Sollte der Inhalt oder die Aufmachung dieser Seiten fremde Rechte Dritter, oder gesetzliche Bestimmungen verletzen, so bitten wir um eine entsprechende Nachricht ohne Kostennote. Die Beseitigung einer m\u00f6glicherweise von diesen Seiten ausgehenden Schutzrecht-Verletzung durch Schutzrecht-InhaberInnen selbst darf nicht ohne Zustimmung stattfinden. Wir garantieren, dass die zu Recht beanstandeten Passagen unverz\u00fcglich entfernt werden, ohne dass von Ihrer Seite die Einschaltung eines Rechtsbeistandes erforderlich ist. Dennoch von Ihnen ohne vorherige Kontaktaufnahme ausgel\u00f6ste Kosten werden wir vollumf\u00e4nglich zur\u00fcckweisen und gegebenenfalls Gegenklage wegen Verletzung vorgenannter Bestimmungen einreichen. Vielen Dank f\u00fcr Ihr Verst\u00e4ndnis.<\/p>\n<p><strong>Haftung f\u00fcr Links<\/strong><\/p>\n<p>Diese Website enth\u00e4lt Verkn\u00fcpfungen zu Websites Dritter (\u201cexterne Links\u201d). Diese Websites unterliegen der Haftung der jeweiligen Betreiber. Der Anbieter hat bei der erstmaligen Verkn\u00fcpfung der externen Links die fremden Inhalte daraufhin \u00fcberpr\u00fcft, ob etwaige Rechtsverst\u00f6\u00dfe bestehen. Zu dem Zeitpunkt waren keine Rechtsverst\u00f6\u00dfe ersichtlich. Der Anbieter hat keinerlei Einfluss auf die aktuelle und zuk\u00fcnftige Gestaltung und auf die Inhalte der verkn\u00fcpften Seiten. Das Setzen von externen Links bedeutet nicht, dass sich der Anbieter die hinter dem Verweis oder Link liegenden Inhalte zu Eigen macht. Eine st\u00e4ndige Kontrolle der externen Links ist f\u00fcr den Anbieter ohne konkrete Hinweise auf Rechtsverst\u00f6\u00dfe nicht zumutbar. Bei Kenntnis von Rechtsverst\u00f6\u00dfen werden jedoch derartige externe Links unverz\u00fcglich gel\u00f6scht.<\/p>\n<p><strong>Urheberrecht<\/strong><\/p>\n<p>Die auf dieser Website ver\u00f6ffentlichten Inhalte unterliegen dem deutschen Urheber- und Leistungsschutzrecht. Jede vom deutschen Urheber- und Leistungsschutzrecht nicht zugelassene Verwertung bedarf der vorherigen schriftlichen Zustimmung des Anbieters oder jeweiligen Rechteinhabers. Dies gilt insbesondere f\u00fcr Vervielf\u00e4ltigung, Bearbeitung, \u00dcbersetzung, Einspeicherung, Verarbeitung bzw. Wiedergabe von Inhalten in Datenbanken oder anderen elektronischen Medien und Systemen. Inhalte und Rechte Dritter sind dabei als solche gekennzeichnet. Die unerlaubte Vervielf\u00e4ltigung oder Weitergabe einzelner Inhalte oder kompletter Seiten ist nicht gestattet und strafbar. Lediglich die Herstellung von Kopien und Downloads f\u00fcr den pers\u00f6nlichen, privaten und nicht kommerziellen Gebrauch ist erlaubt. Die Darstellung dieser Website in fremden Frames ist nur mit schriftlicher Erlaubnis zul\u00e4ssig.<\/p>\n<p><a href=\"https:\/\/www.stop-finning.com\/datenschutzerklaerung\">Weitere Informationen zur Datenschutzerkl\u00e4rung: Link<\/a><\/p>\n<\/div>\n<\/div><div class=\"fusion-clearfix\"><\/div><\/div><\/div><div class=\"fusion-layout-column fusion_builder_column fusion-builder-column-2 fusion_builder_column_1_2 1_2 fusion-one-half fusion-column-last\" style=\"width:50%;width:calc(50% - ( ( 4% ) * 0.5 ) );margin-top:0px;margin-bottom:20px;\"><div class=\"fusion-column-wrapper fusion-flex-column-wrapper-legacy\" style=\"background-position:left top;background-repeat:no-repeat;-webkit-background-size:cover;-moz-background-size:cover;-o-background-size:cover;background-size:cover;padding: 0px 0px 0px 0px;\"><div class=\"fusion-text fusion-text-4\"><p><strong>Verantwortlich f\u00fcr journalistisch-redaktionelle Inhalte gem\u00e4\u00df \u00a7 55 Abs. 2 RStV:<\/strong><\/p>\n<p>Autor: Nils Kluger<\/p>\n<\/div><div class=\"fusion-text fusion-text-5\"><p><span class=\"fusion-contact-info-email-address\">Europ\u00e4ische B\u00fcrgerinitiative:<br \/>\ninfo@stop-finning-eu.org<br \/>\n<\/span><\/p>\n<p>Presse:<br \/>\nmedia<span class=\"fusion-contact-info-email-address\">@stop-finning.eu<\/span><\/p>\n<\/div><div class=\"fusion-clearfix\"><\/div><\/div><\/div><\/div><\/div>\n","protected":false},"excerpt":{"rendered":"","protected":false},"author":6,"featured_media":0,"parent":0,"menu_order":0,"comment_status":"closed","ping_status":"closed","template":"100-width.php","meta":{"footnotes":""},"class_list":["post-934","page","type-page","status-publish","hentry"],"yoast_head":"<!-- This site is optimized with the Yoast SEO plugin v26.1.1 - https:\/\/yoast.com\/wordpress\/plugins\/seo\/ -->\n<title>Impressum - STOP FINNING<\/title>\n<meta name=\"robots\" content=\"index, follow, max-snippet:-1, max-image-preview:large, max-video-preview:-1\" \/>\n<link rel=\"canonical\" href=\"https:\/\/stop-finning-eu.org\/de\/impressum\/\" \/>\n<meta property=\"og:locale\" content=\"de_DE\" \/>\n<meta property=\"og:type\" content=\"article\" \/>\n<meta property=\"og:title\" content=\"Impressum - STOP FINNING\" \/>\n<meta property=\"og:url\" content=\"https:\/\/stop-finning-eu.org\/de\/impressum\/\" \/>\n<meta property=\"og:site_name\" content=\"STOP FINNING\" \/>\n<meta property=\"article:modified_time\" content=\"2025-12-15T11:25:32+00:00\" \/>\n<meta property=\"og:image\" content=\"https:\/\/stop-finning-eu.org\/wp-content\/uploads\/2020\/02\/stop_finning_eu-en-1024x724.jpg\" \/>\n\t<meta property=\"og:image:width\" content=\"1024\" \/>\n\t<meta property=\"og:image:height\" content=\"724\" \/>\n\t<meta property=\"og:image:type\" content=\"image\/jpeg\" \/>\n<meta name=\"twitter:card\" content=\"summary_large_image\" \/>\n<meta name=\"twitter:label1\" content=\"Gesch\u00e4tzte Lesezeit\" \/>\n\t<meta name=\"twitter:data1\" content=\"4\u00a0Minuten\" \/>\n<script type=\"application\/ld+json\" class=\"yoast-schema-graph\">{\"@context\":\"https:\/\/schema.org\",\"@graph\":[{\"@type\":\"WebPage\",\"@id\":\"https:\/\/stop-finning-eu.org\/de\/impressum\/\",\"url\":\"https:\/\/stop-finning-eu.org\/de\/impressum\/\",\"name\":\"Impressum - STOP FINNING\",\"isPartOf\":{\"@id\":\"https:\/\/stop-finning-eu.org\/#website\"},\"datePublished\":\"2019-07-22T09:34:51+00:00\",\"dateModified\":\"2025-12-15T11:25:32+00:00\",\"breadcrumb\":{\"@id\":\"https:\/\/stop-finning-eu.org\/de\/impressum\/#breadcrumb\"},\"inLanguage\":\"de\",\"potentialAction\":[{\"@type\":\"ReadAction\",\"target\":[\"https:\/\/stop-finning-eu.org\/de\/impressum\/\"]}]},{\"@type\":\"BreadcrumbList\",\"@id\":\"https:\/\/stop-finning-eu.org\/de\/impressum\/#breadcrumb\",\"itemListElement\":[{\"@type\":\"ListItem\",\"position\":1,\"name\":\"Startseite\",\"item\":\"https:\/\/stop-finning-eu.org\/de\/\"},{\"@type\":\"ListItem\",\"position\":2,\"name\":\"Impressum\"}]},{\"@type\":\"WebSite\",\"@id\":\"https:\/\/stop-finning-eu.org\/#website\",\"url\":\"https:\/\/stop-finning-eu.org\/\",\"name\":\"STOP FINNING\",\"description\":\"It\u00b4s time for Europe to act!\",\"potentialAction\":[{\"@type\":\"SearchAction\",\"target\":{\"@type\":\"EntryPoint\",\"urlTemplate\":\"https:\/\/stop-finning-eu.org\/?s={search_term_string}\"},\"query-input\":{\"@type\":\"PropertyValueSpecification\",\"valueRequired\":true,\"valueName\":\"search_term_string\"}}],\"inLanguage\":\"de\"}]}<\/script>\n<!-- \/ Yoast SEO plugin. -->","yoast_head_json":{"title":"Impressum - STOP FINNING","robots":{"index":"index","follow":"follow","max-snippet":"max-snippet:-1","max-image-preview":"max-image-preview:large","max-video-preview":"max-video-preview:-1"},"canonical":"https:\/\/stop-finning-eu.org\/de\/impressum\/","og_locale":"de_DE","og_type":"article","og_title":"Impressum - STOP FINNING","og_url":"https:\/\/stop-finning-eu.org\/de\/impressum\/","og_site_name":"STOP FINNING","article_modified_time":"2025-12-15T11:25:32+00:00","og_image":[{"width":1024,"height":724,"url":"https:\/\/stop-finning-eu.org\/wp-content\/uploads\/2020\/02\/stop_finning_eu-en-1024x724.jpg","type":"image\/jpeg"}],"twitter_card":"summary_large_image","twitter_misc":{"Gesch\u00e4tzte Lesezeit":"4\u00a0Minuten"},"schema":{"@context":"https:\/\/schema.org","@graph":[{"@type":"WebPage","@id":"https:\/\/stop-finning-eu.org\/de\/impressum\/","url":"https:\/\/stop-finning-eu.org\/de\/impressum\/","name":"Impressum - STOP FINNING","isPartOf":{"@id":"https:\/\/stop-finning-eu.org\/#website"},"datePublished":"2019-07-22T09:34:51+00:00","dateModified":"2025-12-15T11:25:32+00:00","breadcrumb":{"@id":"https:\/\/stop-finning-eu.org\/de\/impressum\/#breadcrumb"},"inLanguage":"de","potentialAction":[{"@type":"ReadAction","target":["https:\/\/stop-finning-eu.org\/de\/impressum\/"]}]},{"@type":"BreadcrumbList","@id":"https:\/\/stop-finning-eu.org\/de\/impressum\/#breadcrumb","itemListElement":[{"@type":"ListItem","position":1,"name":"Startseite","item":"https:\/\/stop-finning-eu.org\/de\/"},{"@type":"ListItem","position":2,"name":"Impressum"}]},{"@type":"WebSite","@id":"https:\/\/stop-finning-eu.org\/#website","url":"https:\/\/stop-finning-eu.org\/","name":"STOP FINNING","description":"It\u00b4s time for Europe to act!","potentialAction":[{"@type":"SearchAction","target":{"@type":"EntryPoint","urlTemplate":"https:\/\/stop-finning-eu.org\/?s={search_term_string}"},"query-input":{"@type":"PropertyValueSpecification","valueRequired":true,"valueName":"search_term_string"}}],"inLanguage":"de"}]}},"_links":{"self":[{"href":"https:\/\/stop-finning-eu.org\/de\/wp-json\/wp\/v2\/pages\/934","targetHints":{"allow":["GET"]}}],"collection":[{"href":"https:\/\/stop-finning-eu.org\/de\/wp-json\/wp\/v2\/pages"}],"about":[{"href":"https:\/\/stop-finning-eu.org\/de\/wp-json\/wp\/v2\/types\/page"}],"author":[{"embeddable":true,"href":"https:\/\/stop-finning-eu.org\/de\/wp-json\/wp\/v2\/users\/6"}],"replies":[{"embeddable":true,"href":"https:\/\/stop-finning-eu.org\/de\/wp-json\/wp\/v2\/comments?post=934"}],"version-history":[{"count":11,"href":"https:\/\/stop-finning-eu.org\/de\/wp-json\/wp\/v2\/pages\/934\/revisions"}],"predecessor-version":[{"id":15971,"href":"https:\/\/stop-finning-eu.org\/de\/wp-json\/wp\/v2\/pages\/934\/revisions\/15971"}],"wp:attachment":[{"href":"https:\/\/stop-finning-eu.org\/de\/wp-json\/wp\/v2\/media?parent=934"}],"curies":[{"name":"wp","href":"https:\/\/api.w.org\/{rel}","templated":true}]}}