{"id":993,"date":"2019-07-22T14:36:00","date_gmt":"2019-07-22T12:36:00","guid":{"rendered":"http:\/\/s3kp6s3hk.de-02.live-paas.net\/?page_id=993"},"modified":"2024-01-08T10:34:26","modified_gmt":"2024-01-08T09:34:26","slug":"eu-buergerinitiative","status":"publish","type":"page","link":"https:\/\/stop-finning-eu.org\/de\/eu-buergerinitiative\/","title":{"rendered":"EU-B\u00fcrgerinitiative!"},"content":{"rendered":"<p><div class=\"fusion-fullwidth fullwidth-box fusion-builder-row-1 nonhundred-percent-fullwidth non-hundred-percent-height-scrolling\" style=\"background-color: #ee6059;background-position: center center;background-repeat: no-repeat;padding-top:60px;padding-right:0px;padding-bottom:30px;padding-left:0px;margin-bottom: 0px;margin-top: 0px;border-width: 0px 0px 0px 0px;border-color:#25292b;border-style:solid;\" ><div class=\"fusion-builder-row fusion-row\"><div class=\"fusion-layout-column fusion_builder_column fusion-builder-column-0 fusion_builder_column_1_1 1_1 fusion-one-full fusion-column-first fusion-column-last\" style=\"margin-top:0px;margin-bottom:20px;\"><div class=\"fusion-column-wrapper fusion-flex-column-wrapper-legacy\" style=\"background-position:left top;background-repeat:no-repeat;-webkit-background-size:cover;-moz-background-size:cover;-o-background-size:cover;background-size:cover;padding: 0px 0px 0px 0px;\"><div class=\"fusion-text fusion-text-1\"><h2 style=\"text-align: center;\">Die Europ\u00e4ische B\u00fcrgerinitiative<\/h2>\n<\/div><div class=\"fusion-clearfix\"><\/div><\/div><\/div><\/div><\/div><div class=\"fusion-fullwidth fullwidth-box fusion-builder-row-2 hundred-percent-fullwidth non-hundred-percent-height-scrolling\" style=\"background-color: #25292b;background-position: center center;background-repeat: no-repeat;padding-top:0px;padding-right:0px;padding-bottom:0px;padding-left:30px;margin-bottom: 0px;margin-top: 0px;border-width: 0px 0px 0px 0px;border-color:#25292b;border-style:solid;\" ><div class=\"fusion-builder-row fusion-row\"><div class=\"fusion-layout-column fusion_builder_column fusion-builder-column-1 fusion_builder_column_1_1 1_1 fusion-one-full fusion-column-first fusion-column-last fusion-column-no-min-height\" style=\"margin-top:0px;margin-bottom:0px;\"><div class=\"fusion-column-wrapper fusion-flex-column-wrapper-legacy\" style=\"background-position:left top;background-blend-mode: overlay;background-repeat:no-repeat;-webkit-background-size:cover;-moz-background-size:cover;-o-background-size:cover;background-size:cover;padding: 0px 0px 0px 0px;\"><div class=\"fusion-section-separator section-separator triangle fusion-section-separator-1\"><div class=\"fusion-section-separator-svg\" style=\"border-bottom:0px solid #ee6059;margin-left: 0px;margin-right: 0px;\"><div class=\"divider-candy-arrow bottom\" style=\"top:0px;border-top-color: #ee6059;\"><\/div><div class=\"divider-candy bottom\" style=\"bottom:-20px;border-bottom:1px solid #ee6059;border-left:1px solid #ee6059;\"><\/div><\/div><div class=\"fusion-section-separator-spacer\"><div class=\"fusion-section-separator-spacer-height\" style=\"height:0px;\"><\/div><\/div><\/div><div class=\"fusion-clearfix\"><\/div><\/div><\/div><\/div><\/div><div class=\"fusion-fullwidth fullwidth-box fusion-builder-row-3 nonhundred-percent-fullwidth non-hundred-percent-height-scrolling\" style=\"background-color: #25292b;background-position: center center;background-repeat: no-repeat;padding-top:100px;padding-right:0px;padding-bottom:70px;padding-left:0px;margin-bottom: 0px;margin-top: 0px;border-width: 0px 0px 0px 0px;border-color:#25292b;border-style:solid;\" ><div class=\"fusion-builder-row fusion-row\"><div class=\"fusion-layout-column fusion_builder_column fusion-builder-column-2 fusion_builder_column_1_3 1_3 fusion-one-third fusion-column-first\" style=\"width:33.333333333333%;width:calc(33.333333333333% - ( ( 4% + 4% ) * 0.33333333333333 ) );margin-right: 4%;margin-top:0px;margin-bottom:20px;\"><div class=\"fusion-column-wrapper fusion-flex-column-wrapper-legacy\" style=\"background-position:left top;background-repeat:no-repeat;-webkit-background-size:cover;-moz-background-size:cover;-o-background-size:cover;background-size:cover;padding: 0px 0px 0px 0px;\"><div class=\"fusion-text fusion-text-2\"><p>Seit 2012 besteht f\u00fcr EU-B\u00fcrger\/innen die M\u00f6glichkeit, sich mit einer Europ\u00e4ischen B\u00fcrgerinitiative direkt an die Europ\u00e4ische Kommission zu wenden um eine konkrete Gesetzes\u00e4nderung vorzuschlagen.<\/p>\n<p>Dazu muss zun\u00e4chst ein B\u00fcrgerausschuss gegr\u00fcndet werden, welcher aus mindestens sieben Mitgliedern* aus mindestens sieben verschiedenen EU-Staaten besteht. Nach erfolgreicher Pr\u00fcfung der Initiative durch die Europ\u00e4ische Kommission hat der B\u00fcrgerausschuss ein Jahr Zeit, um Unterschriften zu sammeln.<\/p>\n<p>Insgesamt m\u00fcssen mindestens eine Millionen Unterschriften zusammenkommen, zudem muss die Mindestanzahl an Unterschriften in mindestens einem Viertel der EU-Staaten erreicht werden, bei derzeitigem Stand also sieben EU-Staaten[1]. Die ben\u00f6tigte Mindestanzahl betr\u00e4gt etwa das 750-fache der Anzahl der Mitglieder des Europ\u00e4ischen Parlamentes dieses Staates \u2013 in Deutschland sind es so z.B. 72.000 Unterschriften.<\/p>\n<\/div><div class=\"fusion-clearfix\"><\/div><\/div><\/div><div class=\"fusion-layout-column fusion_builder_column fusion-builder-column-3 fusion_builder_column_1_3 1_3 fusion-one-third\" style=\"width:33.333333333333%;width:calc(33.333333333333% - ( ( 4% + 4% ) * 0.33333333333333 ) );margin-right: 4%;margin-top:0px;margin-bottom:20px;\"><div class=\"fusion-column-wrapper fusion-flex-column-wrapper-legacy\" style=\"background-position:left top;background-repeat:no-repeat;-webkit-background-size:cover;-moz-background-size:cover;-o-background-size:cover;background-size:cover;padding: 0px 0px 0px 0px;\"><div class=\"fusion-text fusion-text-3\"><p>Die Mindestanzahl an Unterschriften, die f\u00fcr jeden EU-Staat ben\u00f6tigt werden, l\u00e4sst sich im Amtlichen Register der Europ\u00e4ischen Kommission nachlesen[2]. Es kann sowohl schriftlich als auch online unterzeichnet werden.<\/p>\n<p>Wird die ben\u00f6tigte Anzahl an Unterschriften innerhalb des Zeitraums erreicht, so besteht f\u00fcr die Europ\u00e4ische Kommission Anh\u00f6rungspflicht und der B\u00fcrgerausschuss kann seine Initiative bei einer \u00f6ffentlichen Anh\u00f6rung im Europ\u00e4ischen Parlament vorstellen. Innerhalb von drei Monaten wird die Europ\u00e4ische Kommission anschlie\u00dfend eine Antwort \u00fcber das weitere Vorgehen geben. Dies f\u00fchrt im besten Fall zu einer Annahme des Vorschlages und einer Gesetzes\u00e4nderung. Allerdings kann die B\u00fcrgerinitiative auch von der Europ\u00e4ischen Kommission abgelehnt werden, sofern die Gr\u00fcnde daf\u00fcr erl\u00e4utert werden.<\/p>\n<\/div><div class=\"fusion-clearfix\"><\/div><\/div><\/div><div class=\"fusion-layout-column fusion_builder_column fusion-builder-column-4 fusion_builder_column_1_3 1_3 fusion-one-third fusion-column-last\" style=\"width:33.333333333333%;width:calc(33.333333333333% - ( ( 4% + 4% ) * 0.33333333333333 ) );margin-top:0px;margin-bottom:20px;\"><div class=\"fusion-column-wrapper fusion-flex-column-wrapper-legacy\" style=\"background-position:left top;background-repeat:no-repeat;-webkit-background-size:cover;-moz-background-size:cover;-o-background-size:cover;background-size:cover;padding: 0px 0px 0px 0px;\"><div class=\"fusion-text fusion-text-4\"><blockquote>\n<p>In der Europ\u00e4ischen B\u00fcrgerinitiative sehen wir unsere Chance, die Erweiterung der \u201cFins Naturally Attached\u201d-Verordnung in der Europ\u00e4ischen Union durchzusetzen. Daf\u00fcr ben\u00f6tigen wir zahlreiche Unterst\u00fctzer in der gesamten EU.<\/p>\n<\/blockquote>\n<p>*Mindestwahlalter (i.d.R. 18 Jahre, \u00d6sterreich und Malta 16 Jahre, Griechenland 17 Jahre) muss erreicht sein und darf nicht Mitglied der Europ\u00e4ischen Kommission sein. Ein Eintrag im Wahlregister ist nicht erforderlich.<\/p>\n<\/div><div class=\"fusion-text fusion-text-5\"><h6>[1] Verordnung (EU) Nr. 211\/2011 des Europ\u00e4ischen Parlaments und des Rates vom 16. Februar 2011 \u00fcber die B\u00fcrgerinitiative, 2011<\/h6>\n<h6>[2] Amtliches Register der Europ\u00e4ischen Kommission zur Europ\u00e4ischen B\u00fcrgerinitiative<em>, <\/em><a href=\"https:\/\/ec.europa.eu\/citizens-initiative\/public\/signatories\" target=\"_blank\" rel=\"noopener noreferrer\">https:\/\/ec.europa.eu\/citizens-initiative\/public\/signatories<\/a>, 2019<\/h6>\n<\/div><div class=\"fusion-clearfix\"><\/div><\/div><\/div><\/div><\/div><div class=\"fusion-fullwidth fullwidth-box fusion-builder-row-4 nonhundred-percent-fullwidth non-hundred-percent-height-scrolling\" style=\"background-color: #ee6059;background-position: center center;background-repeat: no-repeat;padding-top:60px;padding-right:0px;padding-bottom:30px;padding-left:0px;margin-bottom: 0px;margin-top: 0px;border-width: 0px 0px 0px 0px;border-color:#25292b;border-style:solid;\" ><div class=\"fusion-builder-row fusion-row\"><div class=\"fusion-layout-column fusion_builder_column fusion-builder-column-5 fusion_builder_column_1_1 1_1 fusion-one-full fusion-column-first fusion-column-last\" style=\"margin-top:0px;margin-bottom:20px;\"><div class=\"fusion-column-wrapper fusion-flex-column-wrapper-legacy\" style=\"background-position:left top;background-repeat:no-repeat;-webkit-background-size:cover;-moz-background-size:cover;-o-background-size:cover;background-size:cover;padding: 0px 0px 0px 0px;\"><div class=\"fusion-text fusion-text-6\"><h2 style=\"text-align: center;\">Initiators #stopfinningEU<\/h2>\n<\/div><div class=\"fusion-clearfix\"><\/div><\/div><\/div><\/div><\/div><div class=\"fusion-fullwidth fullwidth-box fusion-builder-row-5 hundred-percent-fullwidth non-hundred-percent-height-scrolling\" style=\"background-color: #25292b;background-position: center center;background-repeat: no-repeat;padding-top:0px;padding-right:0px;padding-bottom:0px;padding-left:0px;margin-bottom: 0px;margin-top: 0px;border-width: 0px 0px 0px 0px;border-color:#25292b;border-style:solid;\" ><div class=\"fusion-builder-row fusion-row\"><div class=\"fusion-layout-column fusion_builder_column fusion-builder-column-6 fusion_builder_column_1_1 1_1 fusion-one-full fusion-column-first fusion-column-last fusion-column-no-min-height\" style=\"margin-top:0px;margin-bottom:0px;\"><div class=\"fusion-column-wrapper fusion-flex-column-wrapper-legacy\" style=\"background-position:left top;background-repeat:no-repeat;-webkit-background-size:cover;-moz-background-size:cover;-o-background-size:cover;background-size:cover;padding: 0px 0px 0px 0px;\"><div class=\"fusion-section-separator section-separator triangle fusion-section-separator-2\"><div class=\"fusion-section-separator-svg\" style=\"border-bottom:0px solid #ee6059;margin-left: 0px;margin-right: 0px;\"><div class=\"divider-candy-arrow bottom\" style=\"top:0px;border-top-color: #ee6059;\"><\/div><div class=\"divider-candy bottom\" style=\"bottom:-20px;border-bottom:1px solid #ee6059;border-left:1px solid #ee6059;\"><\/div><\/div><div class=\"fusion-section-separator-spacer\"><div class=\"fusion-section-separator-spacer-height\" style=\"height:0px;\"><\/div><\/div><\/div><div class=\"fusion-clearfix\"><\/div><\/div><\/div><\/div><\/div><div class=\"fusion-fullwidth fullwidth-box fusion-builder-row-6 nonhundred-percent-fullwidth non-hundred-percent-height-scrolling fusion-equal-height-columns\" style=\"background-color: #25292b;background-position: center center;background-repeat: no-repeat;padding-top:0px;padding-right:0px;padding-bottom:0px;padding-left:0px;margin-bottom: 50px;margin-top: 100px;border-width: 0px 0px 0px 0px;border-color:#25292b;border-style:solid;\" ><div class=\"fusion-builder-row fusion-row\"><div class=\"fusion-layout-column fusion_builder_column fusion-builder-column-7 fusion_builder_column_1_3 1_3 fusion-one-third fusion-column-first\" style=\"margin-top:0px;margin-bottom:0px;\"><div class=\"fusion-column-wrapper fusion-flex-column-wrapper-legacy\" style=\"background-image: url(&#039;https:\/\/stop-finning-eu.org\/wp-content\/uploads\/2020\/01\/nils_kluger.jpg&#039;);background-position:left top;background-repeat:no-repeat;-webkit-background-size:cover;-moz-background-size:cover;-o-background-size:cover;background-size:cover;padding: 0px 0px 0px 0px;\" data-bg-url=\"https:\/\/stop-finning-eu.org\/wp-content\/uploads\/2020\/01\/nils_kluger.jpg\"><span class=\" fusion-imageframe imageframe-none imageframe-1 hover-type-none\"><img decoding=\"async\" width=\"600\" height=\"600\" title=\"nils_kluger\" src=\"https:\/\/stop-finning-eu.org\/wp-content\/uploads\/2020\/01\/nils_kluger.jpg\" class=\"img-responsive wp-image-2267\" srcset=\"https:\/\/stop-finning-eu.org\/wp-content\/uploads\/2020\/01\/nils_kluger-200x200.jpg 200w, https:\/\/stop-finning-eu.org\/wp-content\/uploads\/2020\/01\/nils_kluger-400x400.jpg 400w, https:\/\/stop-finning-eu.org\/wp-content\/uploads\/2020\/01\/nils_kluger.jpg 600w\" sizes=\"(max-width: 800px) 100vw, 400px\" \/><\/span><div class=\"fusion-clearfix\"><\/div><\/div><\/div><div class=\"fusion-layout-column fusion_builder_column fusion-builder-column-8 fusion_builder_column_2_3 2_3 fusion-two-third fusion-column-last\" style=\"margin-top:0px;margin-bottom:0px;\"><div class=\"fusion-column-wrapper fusion-flex-column-wrapper-legacy\" style=\"background-image: url(&#039;https:\/\/stop-finning-eu.org\/wp-content\/uploads\/2020\/01\/testimonial_box_bg2.png&#039;);background-position:right bottom;background-repeat:no-repeat;-webkit-background-size:cover;-moz-background-size:cover;-o-background-size:cover;background-size:cover;padding: 40px 40px 40px 40px;\" data-bg-url=\"https:\/\/stop-finning-eu.org\/wp-content\/uploads\/2020\/01\/testimonial_box_bg2.png\"><div class=\"fusion-text fusion-text-7\"><p><em><strong>\u201cWith this initiative we as citizens have the chance to speak out against illegal finning and catching of sharks purely for their fins. The trading of fins from Europe must stop!\u201d<\/strong><\/em><\/p>\n<\/div><div class=\"fusion-text fusion-text-8\"><p>Nils is a shark conservation activist at Stop Finning Deutschland and scuba diving instructor. He has been diving with sharks around the world and experienced both their beauty and meaning for marine ecosystems as well as the threats humans pose to their existence.<\/p>\n<\/div><div class=\"fusion-text fusion-text-9\"><p><span style=\"color: #ee6059;\"><strong><em>Dr. Nils Kluger<\/em><br \/>\n<\/strong><\/span><\/p>\n<\/div><div class=\"fusion-sep-clear\"><\/div><div class=\"fusion-separator fusion-full-width-sep\" style=\"margin-left: auto;margin-right: auto;margin-top:-15px;width:100%;\"><\/div><div class=\"fusion-sep-clear\"><\/div><div class=\"fusion-text fusion-text-10\"><p>Germany, Spokesperson<\/p>\n<\/div><div class=\"fusion-clearfix\"><\/div><\/div><\/div><div class=\"fusion-layout-column fusion_builder_column fusion-builder-column-9 fusion_builder_column_1_1 1_1 fusion-one-full fusion-column-first fusion-column-last fusion-column-no-min-height\" style=\"margin-top:0px;margin-bottom:0px;\"><div class=\"fusion-column-wrapper fusion-flex-column-wrapper-legacy\" style=\"background-position:left top;background-repeat:no-repeat;-webkit-background-size:cover;-moz-background-size:cover;-o-background-size:cover;background-size:cover;padding: 0px 0px 0px 0px;\"><div class=\"fusion-sep-clear\"><\/div><div class=\"fusion-separator fusion-full-width-sep\" style=\"margin-left: auto;margin-right: auto;margin-top:90px;width:100%;\"><\/div><div class=\"fusion-sep-clear\"><\/div><div class=\"fusion-clearfix\"><\/div><\/div><\/div><div class=\"fusion-layout-column fusion_builder_column fusion-builder-column-10 fusion_builder_column_2_3 2_3 fusion-two-third fusion-column-first\" style=\"margin-top:0px;margin-bottom:0px;\"><div class=\"fusion-column-wrapper fusion-flex-column-wrapper-legacy\" style=\"background-image: url(&#039;https:\/\/stop-finning-eu.org\/wp-content\/uploads\/2020\/01\/testimonial_box_bg2.png&#039;);background-position:right bottom;background-repeat:no-repeat;-webkit-background-size:cover;-moz-background-size:cover;-o-background-size:cover;background-size:cover;background-color:#1e2123;padding: 40px 40px 40px 40px;\" data-bg-url=\"https:\/\/stop-finning-eu.org\/wp-content\/uploads\/2020\/01\/testimonial_box_bg2.png\"><div class=\"fusion-text fusion-text-11\"><p><strong><em>\u201cSharks are the most underappreciated animals in the oceans, sheer perfection and beauty. The importance of sharks in the eco-system is fundamental in the survival of the oceans; we need to step up our measures to protect sharks.\u201d<\/em><\/strong><\/p>\n<\/div><div class=\"fusion-text fusion-text-12\"><p>Alex is the CEO of Sea Shepherd Global. Through his work for Sea Shepherd he has witnessed first hand the devastating effects of shark fishing on shark populations worldwide. He has also had the privilege to dive with sharks in many remote areas.<\/p>\n<\/div><div class=\"fusion-text fusion-text-13\"><p><em><span style=\"color: #ee6059;\"><strong>Alex Cornelissen<\/strong><\/span><\/em><\/p>\n<\/div><div class=\"fusion-sep-clear\"><\/div><div class=\"fusion-separator fusion-full-width-sep\" style=\"margin-left: auto;margin-right: auto;margin-top:-15px;width:100%;\"><\/div><div class=\"fusion-sep-clear\"><\/div><div class=\"fusion-text fusion-text-14\"><p>Netherlands, Substitute Spokesperson<\/p>\n<\/div><div class=\"fusion-clearfix\"><\/div><\/div><\/div><div class=\"fusion-layout-column fusion_builder_column fusion-builder-column-11 fusion_builder_column_1_3 1_3 fusion-one-third fusion-column-last\" style=\"margin-top:0px;margin-bottom:0px;\"><div class=\"fusion-column-wrapper fusion-flex-column-wrapper-legacy\" style=\"background-image: url(&#039;https:\/\/stop-finning-eu.org\/wp-content\/uploads\/2020\/01\/alex_cornelissen.jpg&#039;);background-position:left top;background-repeat:no-repeat;-webkit-background-size:cover;-moz-background-size:cover;-o-background-size:cover;background-size:cover;padding: 0px 0px 0px 0px;\" data-bg-url=\"https:\/\/stop-finning-eu.org\/wp-content\/uploads\/2020\/01\/alex_cornelissen.jpg\"><span class=\" fusion-imageframe imageframe-none imageframe-2 hover-type-none\"><img decoding=\"async\" width=\"600\" height=\"600\" title=\"alex_cornelissen\" src=\"https:\/\/stop-finning-eu.org\/wp-content\/uploads\/2020\/01\/alex_cornelissen.jpg\" class=\"img-responsive wp-image-2270\" srcset=\"https:\/\/stop-finning-eu.org\/wp-content\/uploads\/2020\/01\/alex_cornelissen-200x200.jpg 200w, https:\/\/stop-finning-eu.org\/wp-content\/uploads\/2020\/01\/alex_cornelissen-400x400.jpg 400w, https:\/\/stop-finning-eu.org\/wp-content\/uploads\/2020\/01\/alex_cornelissen.jpg 600w\" sizes=\"(max-width: 800px) 100vw, 400px\" \/><\/span><div class=\"fusion-clearfix\"><\/div><\/div><\/div><\/div><\/div><\/p>\n","protected":false},"excerpt":{"rendered":"","protected":false},"author":6,"featured_media":0,"parent":0,"menu_order":0,"comment_status":"closed","ping_status":"closed","template":"100-width.php","meta":{"footnotes":""},"class_list":["post-993","page","type-page","status-publish","hentry"],"yoast_head":"<!-- This site is optimized with the Yoast SEO plugin v26.1.1 - https:\/\/yoast.com\/wordpress\/plugins\/seo\/ -->\n<title>EU-B\u00fcrgerinitiative! - STOP FINNING<\/title>\n<meta name=\"robots\" content=\"index, follow, max-snippet:-1, max-image-preview:large, max-video-preview:-1\" \/>\n<link rel=\"canonical\" href=\"https:\/\/stop-finning-eu.org\/de\/eu-buergerinitiative\/\" \/>\n<meta property=\"og:locale\" content=\"de_DE\" \/>\n<meta property=\"og:type\" content=\"article\" \/>\n<meta property=\"og:title\" content=\"EU-B\u00fcrgerinitiative! - STOP FINNING\" \/>\n<meta property=\"og:url\" content=\"https:\/\/stop-finning-eu.org\/de\/eu-buergerinitiative\/\" \/>\n<meta property=\"og:site_name\" content=\"STOP FINNING\" \/>\n<meta property=\"article:modified_time\" content=\"2024-01-08T09:34:26+00:00\" \/>\n<meta property=\"og:image\" content=\"https:\/\/stop-finning-eu.org\/wp-content\/uploads\/2020\/02\/stop_finning_eu-en-1024x724.jpg\" \/>\n\t<meta property=\"og:image:width\" content=\"1024\" \/>\n\t<meta property=\"og:image:height\" content=\"724\" \/>\n\t<meta property=\"og:image:type\" content=\"image\/jpeg\" \/>\n<meta name=\"twitter:card\" content=\"summary_large_image\" \/>\n<meta name=\"twitter:label1\" content=\"Gesch\u00e4tzte Lesezeit\" \/>\n\t<meta name=\"twitter:data1\" content=\"7\u00a0Minuten\" \/>\n<script type=\"application\/ld+json\" class=\"yoast-schema-graph\">{\"@context\":\"https:\/\/schema.org\",\"@graph\":[{\"@type\":\"WebPage\",\"@id\":\"https:\/\/stop-finning-eu.org\/de\/eu-buergerinitiative\/\",\"url\":\"https:\/\/stop-finning-eu.org\/de\/eu-buergerinitiative\/\",\"name\":\"EU-B\u00fcrgerinitiative! - STOP FINNING\",\"isPartOf\":{\"@id\":\"https:\/\/stop-finning-eu.org\/#website\"},\"datePublished\":\"2019-07-22T12:36:00+00:00\",\"dateModified\":\"2024-01-08T09:34:26+00:00\",\"breadcrumb\":{\"@id\":\"https:\/\/stop-finning-eu.org\/de\/eu-buergerinitiative\/#breadcrumb\"},\"inLanguage\":\"de\",\"potentialAction\":[{\"@type\":\"ReadAction\",\"target\":[\"https:\/\/stop-finning-eu.org\/de\/eu-buergerinitiative\/\"]}]},{\"@type\":\"BreadcrumbList\",\"@id\":\"https:\/\/stop-finning-eu.org\/de\/eu-buergerinitiative\/#breadcrumb\",\"itemListElement\":[{\"@type\":\"ListItem\",\"position\":1,\"name\":\"Startseite\",\"item\":\"https:\/\/stop-finning-eu.org\/de\/\"},{\"@type\":\"ListItem\",\"position\":2,\"name\":\"EU-B\u00fcrgerinitiative!\"}]},{\"@type\":\"WebSite\",\"@id\":\"https:\/\/stop-finning-eu.org\/#website\",\"url\":\"https:\/\/stop-finning-eu.org\/\",\"name\":\"STOP FINNING\",\"description\":\"It\u00b4s time for Europe to act!\",\"potentialAction\":[{\"@type\":\"SearchAction\",\"target\":{\"@type\":\"EntryPoint\",\"urlTemplate\":\"https:\/\/stop-finning-eu.org\/?s={search_term_string}\"},\"query-input\":{\"@type\":\"PropertyValueSpecification\",\"valueRequired\":true,\"valueName\":\"search_term_string\"}}],\"inLanguage\":\"de\"}]}<\/script>\n<!-- \/ Yoast SEO plugin. -->","yoast_head_json":{"title":"EU-B\u00fcrgerinitiative! - STOP FINNING","robots":{"index":"index","follow":"follow","max-snippet":"max-snippet:-1","max-image-preview":"max-image-preview:large","max-video-preview":"max-video-preview:-1"},"canonical":"https:\/\/stop-finning-eu.org\/de\/eu-buergerinitiative\/","og_locale":"de_DE","og_type":"article","og_title":"EU-B\u00fcrgerinitiative! - STOP FINNING","og_url":"https:\/\/stop-finning-eu.org\/de\/eu-buergerinitiative\/","og_site_name":"STOP FINNING","article_modified_time":"2024-01-08T09:34:26+00:00","og_image":[{"width":1024,"height":724,"url":"https:\/\/stop-finning-eu.org\/wp-content\/uploads\/2020\/02\/stop_finning_eu-en-1024x724.jpg","type":"image\/jpeg"}],"twitter_card":"summary_large_image","twitter_misc":{"Gesch\u00e4tzte Lesezeit":"7\u00a0Minuten"},"schema":{"@context":"https:\/\/schema.org","@graph":[{"@type":"WebPage","@id":"https:\/\/stop-finning-eu.org\/de\/eu-buergerinitiative\/","url":"https:\/\/stop-finning-eu.org\/de\/eu-buergerinitiative\/","name":"EU-B\u00fcrgerinitiative! - STOP FINNING","isPartOf":{"@id":"https:\/\/stop-finning-eu.org\/#website"},"datePublished":"2019-07-22T12:36:00+00:00","dateModified":"2024-01-08T09:34:26+00:00","breadcrumb":{"@id":"https:\/\/stop-finning-eu.org\/de\/eu-buergerinitiative\/#breadcrumb"},"inLanguage":"de","potentialAction":[{"@type":"ReadAction","target":["https:\/\/stop-finning-eu.org\/de\/eu-buergerinitiative\/"]}]},{"@type":"BreadcrumbList","@id":"https:\/\/stop-finning-eu.org\/de\/eu-buergerinitiative\/#breadcrumb","itemListElement":[{"@type":"ListItem","position":1,"name":"Startseite","item":"https:\/\/stop-finning-eu.org\/de\/"},{"@type":"ListItem","position":2,"name":"EU-B\u00fcrgerinitiative!"}]},{"@type":"WebSite","@id":"https:\/\/stop-finning-eu.org\/#website","url":"https:\/\/stop-finning-eu.org\/","name":"STOP FINNING","description":"It\u00b4s time for Europe to act!","potentialAction":[{"@type":"SearchAction","target":{"@type":"EntryPoint","urlTemplate":"https:\/\/stop-finning-eu.org\/?s={search_term_string}"},"query-input":{"@type":"PropertyValueSpecification","valueRequired":true,"valueName":"search_term_string"}}],"inLanguage":"de"}]}},"_links":{"self":[{"href":"https:\/\/stop-finning-eu.org\/de\/wp-json\/wp\/v2\/pages\/993","targetHints":{"allow":["GET"]}}],"collection":[{"href":"https:\/\/stop-finning-eu.org\/de\/wp-json\/wp\/v2\/pages"}],"about":[{"href":"https:\/\/stop-finning-eu.org\/de\/wp-json\/wp\/v2\/types\/page"}],"author":[{"embeddable":true,"href":"https:\/\/stop-finning-eu.org\/de\/wp-json\/wp\/v2\/users\/6"}],"replies":[{"embeddable":true,"href":"https:\/\/stop-finning-eu.org\/de\/wp-json\/wp\/v2\/comments?post=993"}],"version-history":[{"count":6,"href":"https:\/\/stop-finning-eu.org\/de\/wp-json\/wp\/v2\/pages\/993\/revisions"}],"predecessor-version":[{"id":15699,"href":"https:\/\/stop-finning-eu.org\/de\/wp-json\/wp\/v2\/pages\/993\/revisions\/15699"}],"wp:attachment":[{"href":"https:\/\/stop-finning-eu.org\/de\/wp-json\/wp\/v2\/media?parent=993"}],"curies":[{"name":"wp","href":"https:\/\/api.w.org\/{rel}","templated":true}]}}