{"id":1935,"date":"2019-07-22T11:33:37","date_gmt":"2019-07-22T09:33:37","guid":{"rendered":"https:\/\/stop-finning.eu\/?page_id=1935"},"modified":"2023-05-03T11:40:32","modified_gmt":"2023-05-03T09:40:32","slug":"peticion","status":"publish","type":"page","link":"https:\/\/stop-finning-eu.org\/es\/peticion\/","title":{"rendered":"Petici\u00f3n"},"content":{"rendered":"<p><div class=\"fusion-fullwidth fullwidth-box fusion-builder-row-1 nonhundred-percent-fullwidth non-hundred-percent-height-scrolling\" style=\"background-color: #25292b;background-position: left top;background-repeat: no-repeat;padding-top:100px;padding-right:0px;padding-bottom:0px;padding-left:0px;margin-bottom: 0px;margin-top: 0px;border-width: 0px 0px 0px 0px;border-color:#25292b;border-style:solid;\" ><div class=\"fusion-builder-row fusion-row\"><div class=\"fusion-layout-column fusion_builder_column fusion-builder-column-0 fusion_builder_column_1_1 1_1 fusion-one-full fusion-column-first fusion-column-last fusion-column-no-min-height\" style=\"margin-top:0px;margin-bottom:0px;\"><div class=\"fusion-column-wrapper fusion-flex-column-wrapper-legacy\" style=\"background-position:left top;background-repeat:no-repeat;-webkit-background-size:cover;-moz-background-size:cover;-o-background-size:cover;background-size:cover;padding: 0px 0px 0px 0px;\"><div class=\"fusion-text fusion-text-1\"><h2 style=\"text-align: left;\">Petici\u00f3n<\/h2>\n<\/div><div class=\"fusion-clearfix\"><\/div><\/div><\/div><\/div><\/div><div class=\"fusion-fullwidth fullwidth-box fusion-builder-row-2 nonhundred-percent-fullwidth non-hundred-percent-height-scrolling\" style=\"background-color: #25292b;background-position: center center;background-repeat: no-repeat;padding-top:0px;padding-right:0px;padding-bottom:70px;padding-left:0px;margin-bottom: 0px;margin-top: 0px;border-width: 0px 0px 0px 0px;border-color:#25292b;border-style:solid;\" ><div class=\"fusion-builder-row fusion-row\"><div class=\"fusion-layout-column fusion_builder_column fusion-builder-column-1 fusion_builder_column_1_1 1_1 fusion-one-full fusion-column-first fusion-column-last\" style=\"margin-top:0px;margin-bottom:20px;\"><div class=\"fusion-column-wrapper fusion-flex-column-wrapper-legacy\" style=\"background-position:left top;background-repeat:no-repeat;-webkit-background-size:cover;-moz-background-size:cover;-o-background-size:cover;background-size:cover;padding: 0px 0px 0px 0px;\"><div class=\"fusion-text fusion-text-2\"><p><span data-sheets-value=\"{\" data-sheets-userformat=\"{\">La Iniciativa Ciudadana Europea \u00abStop Finning &#8211; Stop the Trade\u00bb tiene el apoyo de 100 ONG &#8216;s, innumerables socios y voluntarios as\u00ed como 1.119.996 ciudadanos europeos que enviaron su apoyo verificado. <\/span><\/p>\n<p>\u00bfDe qu\u00e9 trata esta ICE? Solicita el fin del comercio de aletas de tibur\u00f3n desde Europa. La captura de los tiburones por sus aletas constituye una de sus amenazas m\u00e1s importantes. No se trata solo de \u00abfinning\u00bb (la pr\u00e1ctica brutal de capturar tiburones, cortar sus valiosas aletas y tirar los cuerpos al mar, incluso cuando siguen vivos, muriendo por ahogamiento), en sentido estricto. Afortunadamente esto ya se prohibi\u00f3 en la UE desde la aplicaci\u00f3n del Reglamento No 605\/2013 del Parlamento Europeo y del Consejo, de \u00abaletas naturalmente adheridas\u00bb, que sigue vigente.<\/p>\n<p>A pesar de ello, el 45% de las aletas importadas por Asia provienen de la UE. Incluso si se evita el sufrimiento de que se corten a bordo sus aletas a los tiburones, existen enormes problemas asociados al comercio de aletas sueltas. El impacto de este comercio es mucho m\u00e1s grande de lo que se pudiera pensar, cada una de las especies de los ecosistemas tiene su importancia. Y cuando una de esas especies falta, se produce un efecto cascada que no solo afecta a los tiburones, sino a todos nosotros.<br \/>\nPor lo tanto, con esta ICE se pide cambiar la legislaci\u00f3n del comercio de aletas sueltas. La norma actual de \u00abAletas Naturalmente Adheridas\u00bb obliga a que las aletas no pueden ser separadas del cuerpo del tibur\u00f3n antes de su desembarco. Con objeto de detener el comercio de aletas sueltas se necesita legislaci\u00f3n adicional, para prohibir la exportaci\u00f3n, importaci\u00f3n y tr\u00e1nsito de aletas sueltas!<\/p>\n<\/div><div class=\"fusion-clearfix\"><\/div><\/div><\/div><\/div><\/div><\/p>\n","protected":false},"excerpt":{"rendered":"","protected":false},"author":6,"featured_media":0,"parent":0,"menu_order":0,"comment_status":"closed","ping_status":"closed","template":"100-width.php","meta":{"footnotes":""},"class_list":["post-1935","page","type-page","status-publish","hentry"],"yoast_head":"<!-- This site is optimized with the Yoast SEO plugin v26.1.1 - https:\/\/yoast.com\/wordpress\/plugins\/seo\/ -->\n<title>Petici\u00f3n - STOP FINNING<\/title>\n<meta name=\"robots\" content=\"index, follow, max-snippet:-1, max-image-preview:large, max-video-preview:-1\" \/>\n<link rel=\"canonical\" href=\"https:\/\/stop-finning-eu.org\/es\/peticion\/\" \/>\n<meta property=\"og:locale\" content=\"es_ES\" \/>\n<meta property=\"og:type\" content=\"article\" \/>\n<meta property=\"og:title\" content=\"Petici\u00f3n - STOP FINNING\" \/>\n<meta property=\"og:url\" content=\"https:\/\/stop-finning-eu.org\/es\/peticion\/\" \/>\n<meta property=\"og:site_name\" content=\"STOP FINNING\" \/>\n<meta property=\"article:modified_time\" content=\"2023-05-03T09:40:32+00:00\" \/>\n<meta property=\"og:image\" content=\"https:\/\/stop-finning-eu.org\/wp-content\/uploads\/2020\/02\/stop_finning_eu-en-1024x724.jpg\" \/>\n\t<meta property=\"og:image:width\" content=\"1024\" \/>\n\t<meta property=\"og:image:height\" content=\"724\" \/>\n\t<meta property=\"og:image:type\" content=\"image\/jpeg\" \/>\n<meta name=\"twitter:card\" content=\"summary_large_image\" \/>\n<meta name=\"twitter:label1\" content=\"Tiempo de lectura\" \/>\n\t<meta name=\"twitter:data1\" content=\"3 minutos\" \/>\n<script type=\"application\/ld+json\" class=\"yoast-schema-graph\">{\"@context\":\"https:\/\/schema.org\",\"@graph\":[{\"@type\":\"WebPage\",\"@id\":\"https:\/\/stop-finning-eu.org\/es\/peticion\/\",\"url\":\"https:\/\/stop-finning-eu.org\/es\/peticion\/\",\"name\":\"Petici\u00f3n - STOP FINNING\",\"isPartOf\":{\"@id\":\"https:\/\/stop-finning-eu.org\/#website\"},\"datePublished\":\"2019-07-22T09:33:37+00:00\",\"dateModified\":\"2023-05-03T09:40:32+00:00\",\"breadcrumb\":{\"@id\":\"https:\/\/stop-finning-eu.org\/es\/peticion\/#breadcrumb\"},\"inLanguage\":\"es\",\"potentialAction\":[{\"@type\":\"ReadAction\",\"target\":[\"https:\/\/stop-finning-eu.org\/es\/peticion\/\"]}]},{\"@type\":\"BreadcrumbList\",\"@id\":\"https:\/\/stop-finning-eu.org\/es\/peticion\/#breadcrumb\",\"itemListElement\":[{\"@type\":\"ListItem\",\"position\":1,\"name\":\"Startseite\",\"item\":\"https:\/\/stop-finning-eu.org\/es\/\"},{\"@type\":\"ListItem\",\"position\":2,\"name\":\"Petici\u00f3n\"}]},{\"@type\":\"WebSite\",\"@id\":\"https:\/\/stop-finning-eu.org\/#website\",\"url\":\"https:\/\/stop-finning-eu.org\/\",\"name\":\"STOP FINNING\",\"description\":\"It\u00b4s time for Europe to act!\",\"potentialAction\":[{\"@type\":\"SearchAction\",\"target\":{\"@type\":\"EntryPoint\",\"urlTemplate\":\"https:\/\/stop-finning-eu.org\/?s={search_term_string}\"},\"query-input\":{\"@type\":\"PropertyValueSpecification\",\"valueRequired\":true,\"valueName\":\"search_term_string\"}}],\"inLanguage\":\"es\"}]}<\/script>\n<!-- \/ Yoast SEO plugin. -->","yoast_head_json":{"title":"Petici\u00f3n - STOP FINNING","robots":{"index":"index","follow":"follow","max-snippet":"max-snippet:-1","max-image-preview":"max-image-preview:large","max-video-preview":"max-video-preview:-1"},"canonical":"https:\/\/stop-finning-eu.org\/es\/peticion\/","og_locale":"es_ES","og_type":"article","og_title":"Petici\u00f3n - STOP FINNING","og_url":"https:\/\/stop-finning-eu.org\/es\/peticion\/","og_site_name":"STOP FINNING","article_modified_time":"2023-05-03T09:40:32+00:00","og_image":[{"width":1024,"height":724,"url":"https:\/\/stop-finning-eu.org\/wp-content\/uploads\/2020\/02\/stop_finning_eu-en-1024x724.jpg","type":"image\/jpeg"}],"twitter_card":"summary_large_image","twitter_misc":{"Tiempo de lectura":"3 minutos"},"schema":{"@context":"https:\/\/schema.org","@graph":[{"@type":"WebPage","@id":"https:\/\/stop-finning-eu.org\/es\/peticion\/","url":"https:\/\/stop-finning-eu.org\/es\/peticion\/","name":"Petici\u00f3n - STOP FINNING","isPartOf":{"@id":"https:\/\/stop-finning-eu.org\/#website"},"datePublished":"2019-07-22T09:33:37+00:00","dateModified":"2023-05-03T09:40:32+00:00","breadcrumb":{"@id":"https:\/\/stop-finning-eu.org\/es\/peticion\/#breadcrumb"},"inLanguage":"es","potentialAction":[{"@type":"ReadAction","target":["https:\/\/stop-finning-eu.org\/es\/peticion\/"]}]},{"@type":"BreadcrumbList","@id":"https:\/\/stop-finning-eu.org\/es\/peticion\/#breadcrumb","itemListElement":[{"@type":"ListItem","position":1,"name":"Startseite","item":"https:\/\/stop-finning-eu.org\/es\/"},{"@type":"ListItem","position":2,"name":"Petici\u00f3n"}]},{"@type":"WebSite","@id":"https:\/\/stop-finning-eu.org\/#website","url":"https:\/\/stop-finning-eu.org\/","name":"STOP FINNING","description":"It\u00b4s time for Europe to act!","potentialAction":[{"@type":"SearchAction","target":{"@type":"EntryPoint","urlTemplate":"https:\/\/stop-finning-eu.org\/?s={search_term_string}"},"query-input":{"@type":"PropertyValueSpecification","valueRequired":true,"valueName":"search_term_string"}}],"inLanguage":"es"}]}},"_links":{"self":[{"href":"https:\/\/stop-finning-eu.org\/es\/wp-json\/wp\/v2\/pages\/1935","targetHints":{"allow":["GET"]}}],"collection":[{"href":"https:\/\/stop-finning-eu.org\/es\/wp-json\/wp\/v2\/pages"}],"about":[{"href":"https:\/\/stop-finning-eu.org\/es\/wp-json\/wp\/v2\/types\/page"}],"author":[{"embeddable":true,"href":"https:\/\/stop-finning-eu.org\/es\/wp-json\/wp\/v2\/users\/6"}],"replies":[{"embeddable":true,"href":"https:\/\/stop-finning-eu.org\/es\/wp-json\/wp\/v2\/comments?post=1935"}],"version-history":[{"count":5,"href":"https:\/\/stop-finning-eu.org\/es\/wp-json\/wp\/v2\/pages\/1935\/revisions"}],"predecessor-version":[{"id":15443,"href":"https:\/\/stop-finning-eu.org\/es\/wp-json\/wp\/v2\/pages\/1935\/revisions\/15443"}],"wp:attachment":[{"href":"https:\/\/stop-finning-eu.org\/es\/wp-json\/wp\/v2\/media?parent=1935"}],"curies":[{"name":"wp","href":"https:\/\/api.w.org\/{rel}","templated":true}]}}