{"id":1938,"date":"2019-07-22T14:36:00","date_gmt":"2019-07-22T12:36:00","guid":{"rendered":"https:\/\/stop-finning.eu\/?page_id=1938"},"modified":"2024-01-08T10:41:22","modified_gmt":"2024-01-08T09:41:22","slug":"iniciativa-ciudadana-europea","status":"publish","type":"page","link":"https:\/\/stop-finning-eu.org\/es\/iniciativa-ciudadana-europea\/","title":{"rendered":"Iniciativa Ciudadana Europea"},"content":{"rendered":"<p><div class=\"fusion-fullwidth fullwidth-box fusion-builder-row-1 nonhundred-percent-fullwidth non-hundred-percent-height-scrolling\" style=\"background-color: #ee6059;background-position: center center;background-repeat: no-repeat;padding-top:60px;padding-right:0px;padding-bottom:30px;padding-left:0px;margin-bottom: 0px;margin-top: 0px;border-width: 0px 0px 0px 0px;border-color:#25292b;border-style:solid;\" ><div class=\"fusion-builder-row fusion-row\"><div class=\"fusion-layout-column fusion_builder_column fusion-builder-column-0 fusion_builder_column_1_1 1_1 fusion-one-full fusion-column-first fusion-column-last\" style=\"margin-top:0px;margin-bottom:20px;\"><div class=\"fusion-column-wrapper fusion-flex-column-wrapper-legacy\" style=\"background-position:left top;background-repeat:no-repeat;-webkit-background-size:cover;-moz-background-size:cover;-o-background-size:cover;background-size:cover;padding: 0px 0px 0px 0px;\"><div class=\"fusion-text fusion-text-1\"><h2>Iniciativa Ciudadana de la UE<\/h2>\n<\/div><div class=\"fusion-clearfix\"><\/div><\/div><\/div><\/div><\/div><div class=\"fusion-fullwidth fullwidth-box fusion-builder-row-2 hundred-percent-fullwidth non-hundred-percent-height-scrolling\" style=\"background-color: #25292b;background-position: center center;background-repeat: no-repeat;padding-top:0px;padding-right:0px;padding-bottom:0px;padding-left:30px;margin-bottom: 0px;margin-top: 0px;border-width: 0px 0px 0px 0px;border-color:#25292b;border-style:solid;\" ><div class=\"fusion-builder-row fusion-row\"><div class=\"fusion-layout-column fusion_builder_column fusion-builder-column-1 fusion_builder_column_1_1 1_1 fusion-one-full fusion-column-first fusion-column-last fusion-column-no-min-height\" style=\"margin-top:0px;margin-bottom:0px;\"><div class=\"fusion-column-wrapper fusion-flex-column-wrapper-legacy\" style=\"background-position:left top;background-repeat:no-repeat;-webkit-background-size:cover;-moz-background-size:cover;-o-background-size:cover;background-size:cover;padding: 0px 0px 0px 0px;\"><div class=\"fusion-section-separator section-separator triangle fusion-section-separator-1\"><div class=\"fusion-section-separator-svg\" style=\"border-bottom:0px solid #ee6059;margin-left: 0px;margin-right: 0px;\"><div class=\"divider-candy-arrow bottom\" style=\"top:0px;border-top-color: #ee6059;\"><\/div><div class=\"divider-candy bottom\" style=\"bottom:-20px;border-bottom:1px solid #ee6059;border-left:1px solid #ee6059;\"><\/div><\/div><div class=\"fusion-section-separator-spacer\"><div class=\"fusion-section-separator-spacer-height\" style=\"height:0px;\"><\/div><\/div><\/div><div class=\"fusion-clearfix\"><\/div><\/div><\/div><\/div><\/div><div class=\"fusion-fullwidth fullwidth-box fusion-builder-row-3 nonhundred-percent-fullwidth non-hundred-percent-height-scrolling\" style=\"background-color: #25292b;background-position: center center;background-repeat: no-repeat;padding-top:100px;padding-right:0px;padding-bottom:70px;padding-left:0px;margin-bottom: 0px;margin-top: 0px;border-width: 0px 0px 0px 0px;border-color:#25292b;border-style:solid;\" ><div class=\"fusion-builder-row fusion-row\"><div class=\"fusion-layout-column fusion_builder_column fusion-builder-column-2 fusion_builder_column_1_3 1_3 fusion-one-third fusion-column-first\" style=\"width:33.333333333333%;width:calc(33.333333333333% - ( ( 4% + 4% ) * 0.33333333333333 ) );margin-right: 4%;margin-top:0px;margin-bottom:20px;\"><div class=\"fusion-column-wrapper fusion-flex-column-wrapper-legacy\" style=\"background-position:left top;background-repeat:no-repeat;-webkit-background-size:cover;-moz-background-size:cover;-o-background-size:cover;background-size:cover;padding: 0px 0px 0px 0px;\"><div class=\"fusion-text fusion-text-2\"><p>Desde 2012 los ciudadanos de la UE tienen derecho a presentar directamente a la Comisi\u00f3n Europea una Iniciativa Ciudadana Europea para proponer una enmienda legislativa concreta.<\/p>\n<p>Para ello, primero se debe establecer un comit\u00e9 de ciudadanos, compuesto por al menos siete miembros* de al menos siete pa\u00edses diferentes de la UE. Si la Comisi\u00f3n Europea aprueba la iniciativa, el Comit\u00e9 de Ciudadanos tendr\u00e1 un a\u00f1o para recolectar firmas.<\/p>\n<p>Se deben recoger un total de al menos un mill\u00f3n de firmas de al menos una cuarta parte de los estados de la UE, actualmente siete estados de la UE [1]. El n\u00famero m\u00ednimo requerido es aproximadamente 750 veces el n\u00famero de miembros del Parlamento Europeo de este pa\u00eds. En Espa\u00f1a se necesitan 40.554 firmas.<\/p>\n<\/div><div class=\"fusion-clearfix\"><\/div><\/div><\/div><div class=\"fusion-layout-column fusion_builder_column fusion-builder-column-3 fusion_builder_column_1_3 1_3 fusion-one-third\" style=\"width:33.333333333333%;width:calc(33.333333333333% - ( ( 4% + 4% ) * 0.33333333333333 ) );margin-right: 4%;margin-top:0px;margin-bottom:20px;\"><div class=\"fusion-column-wrapper fusion-flex-column-wrapper-legacy\" style=\"background-position:left top;background-repeat:no-repeat;-webkit-background-size:cover;-moz-background-size:cover;-o-background-size:cover;background-size:cover;padding: 0px 0px 0px 0px;\"><div class=\"fusion-text fusion-text-3\"><p>El n\u00famero m\u00ednimo de firmas requeridas para cada Estado miembro de la UE se puede encontrar en el Registro Oficial de la Comisi\u00f3n Europea [2]. Se puede firmar por escrito o en la p\u00e1gina web oficial de la Comisi\u00f3n Europea.<\/p>\n<p>Si se alcanza el n\u00famero requerido de firmas en el per\u00edodo dado, la Comisi\u00f3n Europea est\u00e1 obligada a actuar y el Comit\u00e9 de Ciudadanos puede presentar su iniciativa en una audiencia p\u00fablica en el Parlamento Europeo. Tres meses despu\u00e9s, la Comisi\u00f3n Europea responder\u00e1 sobre c\u00f3mo planea proceder. En el mejor de los casos, esto conducir\u00e1 a la aprobaci\u00f3n de la propuesta y a una enmienda legislativa. Sin embargo, la Comisi\u00f3n Europea tambi\u00e9n puede rechazar la iniciativa de los ciudadanos y exponer sus razones para hacerlo.<\/p>\n<\/div><div class=\"fusion-clearfix\"><\/div><\/div><\/div><div class=\"fusion-layout-column fusion_builder_column fusion-builder-column-4 fusion_builder_column_1_3 1_3 fusion-one-third fusion-column-last\" style=\"width:33.333333333333%;width:calc(33.333333333333% - ( ( 4% + 4% ) * 0.33333333333333 ) );margin-top:0px;margin-bottom:20px;\"><div class=\"fusion-column-wrapper fusion-flex-column-wrapper-legacy\" style=\"background-position:left top;background-repeat:no-repeat;-webkit-background-size:cover;-moz-background-size:cover;-o-background-size:cover;background-size:cover;padding: 0px 0px 0px 0px;\"><div class=\"fusion-text fusion-text-4\"><blockquote>\n<p>Vemos la Iniciativa Ciudadana Europea como una oportunidad para participar en la extensi\u00f3n del Reglamento de Aletas Naturalmente Unidas en la Uni\u00f3n Europea. Por lo tanto, necesitamos tantos simpatizantes en la UE como sea posible.<\/p>\n<\/blockquote>\n<p>* Debe cumplirse la edad m\u00ednima para votar (generalmente 18 a\u00f1os, Austria y Malta 16 a\u00f1os, Grecia 17 a\u00f1os) y no se debe ser miembro de la Comisi\u00f3n Europea. No se requiere estar registrado\/a en el registro electoral.<\/p>\n<\/div><div class=\"fusion-text fusion-text-5\"><h6>[1] Reglamento (UE) n\u00ba 211\/2011 del Parlamento Europeo y del Consejo, de 16 de febrero de 2011, sobre la iniciativa ciudadana, 2011.<\/h6>\n<h6>[2] Amtliches Register der Europ\u00e4ischen Kommission zur Europ\u00e4ischen B\u00fcrgerinitiative<em>, <\/em><a href=\"https:\/\/ec.europa.eu\/citizens-initiative\/public\/signatories\" target=\"_blank\" rel=\"noopener noreferrer\">https:\/\/ec.europa.eu\/citizens-initiative\/public\/signatories<\/a>, 2019<\/h6>\n<\/div><div class=\"fusion-clearfix\"><\/div><\/div><\/div><\/div><\/div><div class=\"fusion-fullwidth fullwidth-box fusion-builder-row-4 nonhundred-percent-fullwidth non-hundred-percent-height-scrolling\" style=\"background-color: #ee6059;background-position: center center;background-repeat: no-repeat;padding-top:60px;padding-right:0px;padding-bottom:30px;padding-left:0px;margin-bottom: 0px;margin-top: 0px;border-width: 0px 0px 0px 0px;border-color:#25292b;border-style:solid;\" ><div class=\"fusion-builder-row fusion-row\"><div class=\"fusion-layout-column fusion_builder_column fusion-builder-column-5 fusion_builder_column_1_1 1_1 fusion-one-full fusion-column-first fusion-column-last\" style=\"margin-top:0px;margin-bottom:20px;\"><div class=\"fusion-column-wrapper fusion-flex-column-wrapper-legacy\" style=\"background-position:left top;background-repeat:no-repeat;-webkit-background-size:cover;-moz-background-size:cover;-o-background-size:cover;background-size:cover;padding: 0px 0px 0px 0px;\"><div class=\"fusion-text fusion-text-6\"><h2 style=\"text-align: center;\">Promotores #stopfinnigEU<\/h2>\n<\/div><div class=\"fusion-clearfix\"><\/div><\/div><\/div><\/div><\/div><div class=\"fusion-fullwidth fullwidth-box fusion-builder-row-5 hundred-percent-fullwidth non-hundred-percent-height-scrolling\" style=\"background-color: #25292b;background-position: center center;background-repeat: no-repeat;padding-top:0px;padding-right:0px;padding-bottom:0px;padding-left:0px;margin-bottom: 0px;margin-top: 0px;border-width: 0px 0px 0px 0px;border-color:#25292b;border-style:solid;\" ><div class=\"fusion-builder-row fusion-row\"><div class=\"fusion-layout-column fusion_builder_column fusion-builder-column-6 fusion_builder_column_1_1 1_1 fusion-one-full fusion-column-first fusion-column-last fusion-column-no-min-height\" style=\"margin-top:0px;margin-bottom:0px;\"><div class=\"fusion-column-wrapper fusion-flex-column-wrapper-legacy\" style=\"background-position:left top;background-repeat:no-repeat;-webkit-background-size:cover;-moz-background-size:cover;-o-background-size:cover;background-size:cover;padding: 0px 0px 0px 0px;\"><div class=\"fusion-section-separator section-separator triangle fusion-section-separator-2\"><div class=\"fusion-section-separator-svg\" style=\"border-bottom:0px solid #ee6059;margin-left: 0px;margin-right: 0px;\"><div class=\"divider-candy-arrow bottom\" style=\"top:0px;border-top-color: #ee6059;\"><\/div><div class=\"divider-candy bottom\" style=\"bottom:-20px;border-bottom:1px solid #ee6059;border-left:1px solid #ee6059;\"><\/div><\/div><div class=\"fusion-section-separator-spacer\"><div class=\"fusion-section-separator-spacer-height\" style=\"height:0px;\"><\/div><\/div><\/div><div class=\"fusion-clearfix\"><\/div><\/div><\/div><\/div><\/div><div class=\"fusion-fullwidth fullwidth-box fusion-builder-row-6 nonhundred-percent-fullwidth non-hundred-percent-height-scrolling fusion-equal-height-columns\" style=\"background-color: #25292b;background-position: center center;background-repeat: no-repeat;padding-top:0px;padding-right:0px;padding-bottom:0px;padding-left:0px;margin-bottom: 50px;margin-top: 100px;border-width: 0px 0px 0px 0px;border-color:#25292b;border-style:solid;\" ><div class=\"fusion-builder-row fusion-row\"><div class=\"fusion-layout-column fusion_builder_column fusion-builder-column-7 fusion_builder_column_1_3 1_3 fusion-one-third fusion-column-first\" style=\"margin-top:0px;margin-bottom:0px;\"><div class=\"fusion-column-wrapper fusion-flex-column-wrapper-legacy\" style=\"background-image: url(&#039;https:\/\/stop-finning-eu.org\/wp-content\/uploads\/2020\/01\/nils_kluger.jpg&#039;);background-position:left top;background-repeat:no-repeat;-webkit-background-size:cover;-moz-background-size:cover;-o-background-size:cover;background-size:cover;padding: 0px 0px 0px 0px;\" data-bg-url=\"https:\/\/stop-finning-eu.org\/wp-content\/uploads\/2020\/01\/nils_kluger.jpg\"><div class=\"fusion-clearfix\"><\/div><\/div><\/div><div class=\"fusion-layout-column fusion_builder_column fusion-builder-column-8 fusion_builder_column_2_3 2_3 fusion-two-third fusion-column-last\" style=\"margin-top:0px;margin-bottom:0px;\"><div class=\"fusion-column-wrapper fusion-flex-column-wrapper-legacy\" style=\"background-image: url(&#039;https:\/\/stop-finning-eu.org\/wp-content\/uploads\/2020\/01\/testimonial_box_bg2.png&#039;);background-position:right bottom;background-repeat:no-repeat;-webkit-background-size:cover;-moz-background-size:cover;-o-background-size:cover;background-size:cover;padding: 40px 40px 40px 40px;\" data-bg-url=\"https:\/\/stop-finning-eu.org\/wp-content\/uploads\/2020\/01\/testimonial_box_bg2.png\"><div class=\"fusion-text fusion-text-7\"><p><em><strong>\u201cCon esta iniciativa los ciudadanos tenemos la oportunidad de alzar la voz contra el comercio de aleta de tibur\u00f3n en Europa\u201d<\/strong><\/em><\/p>\n<\/div><div class=\"fusion-text fusion-text-8\"><p>Nils es abogado de tiburones en Stop Finning Deutschland e instructor de buceo. Ha buceado con tiburones alrededor del mundo y ha podido conocer en primera persona su belleza y su importancia para los ecosistemas marinos, adem\u00e1s de darse cuenta de la amenaza que suponemos los humanos para ellos. Nils tambi\u00e9n trabaja en Sharkproject, una iniciativa internacional para la conservaci\u00f3n de tiburones.<\/p>\n<\/div><div class=\"fusion-text fusion-text-9\"><p><span style=\"color: #ee6059;\"><strong><em>Dr. Nils Kluger<\/em><br \/>\n<\/strong><\/span><\/p>\n<\/div><div class=\"fusion-sep-clear\"><\/div><div class=\"fusion-separator fusion-full-width-sep\" style=\"margin-left: auto;margin-right: auto;margin-top:-15px;width:100%;\"><\/div><div class=\"fusion-sep-clear\"><\/div><div class=\"fusion-text fusion-text-10\"><p>Alemania, Portavoz<\/p>\n<\/div><div class=\"fusion-clearfix\"><\/div><\/div><\/div><div class=\"fusion-layout-column fusion_builder_column fusion-builder-column-9 fusion_builder_column_1_1 1_1 fusion-one-full fusion-column-first fusion-column-last fusion-column-no-min-height\" style=\"margin-top:0px;margin-bottom:0px;\"><div class=\"fusion-column-wrapper fusion-flex-column-wrapper-legacy\" style=\"background-position:left top;background-repeat:no-repeat;-webkit-background-size:cover;-moz-background-size:cover;-o-background-size:cover;background-size:cover;padding: 0px 0px 0px 0px;\"><div class=\"fusion-sep-clear\"><\/div><div class=\"fusion-separator fusion-full-width-sep\" style=\"margin-left: auto;margin-right: auto;margin-top:90px;width:100%;\"><\/div><div class=\"fusion-sep-clear\"><\/div><div class=\"fusion-clearfix\"><\/div><\/div><\/div><div class=\"fusion-layout-column fusion_builder_column fusion-builder-column-10 fusion_builder_column_2_3 2_3 fusion-two-third fusion-column-first\" style=\"margin-top:0px;margin-bottom:0px;\"><div class=\"fusion-column-wrapper fusion-flex-column-wrapper-legacy\" style=\"background-image: url(&#039;https:\/\/stop-finning-eu.org\/wp-content\/uploads\/2020\/01\/testimonial_box_bg2.png&#039;);background-position:right bottom;background-repeat:no-repeat;-webkit-background-size:cover;-moz-background-size:cover;-o-background-size:cover;background-size:cover;background-color:#1e2123;padding: 40px 40px 40px 40px;\" data-bg-url=\"https:\/\/stop-finning-eu.org\/wp-content\/uploads\/2020\/01\/testimonial_box_bg2.png\"><div class=\"fusion-text fusion-text-11\"><p><em><strong>\u201cLos tiburones son los animales m\u00e1s subestimados del oc\u00e9ano, y aportan perfecci\u00f3n y belleza. La importancia de los tiburones en los ecosistemas es fundamental para la supervivencia de los oc\u00e9anos, por lo que tenemos que adoptar medidas para su protecci\u00f3n\u201d<\/strong><\/em><\/p>\n<\/div><div class=\"fusion-text fusion-text-12\"><p>Alex es Director General de Sea Shepherd Global. Mediante su trabajo en Sea Shepherd ha presenciado de primera mano los efectos devastadores de la pesca de tiburones en todo el mundo. Tambi\u00e9n ha tenido el privilegio de bucear con tiburones en \u00e1reas remotas.<\/p>\n<\/div><div class=\"fusion-text fusion-text-13\"><p><em><span style=\"color: #ee6059;\"><strong>Alex Cornelissen<\/strong><\/span><\/em><\/p>\n<\/div><div class=\"fusion-sep-clear\"><\/div><div class=\"fusion-separator fusion-full-width-sep\" style=\"margin-left: auto;margin-right: auto;margin-top:-15px;width:100%;\"><\/div><div class=\"fusion-sep-clear\"><\/div><div class=\"fusion-text fusion-text-14\"><p>Pa\u00edses Bajos, Portavoz sustituto<\/p>\n<\/div><div class=\"fusion-clearfix\"><\/div><\/div><\/div><div class=\"fusion-layout-column fusion_builder_column fusion-builder-column-11 fusion_builder_column_1_3 1_3 fusion-one-third fusion-column-last\" style=\"margin-top:0px;margin-bottom:0px;\"><div class=\"fusion-column-wrapper fusion-flex-column-wrapper-legacy\" style=\"background-image: url(&#039;https:\/\/stop-finning-eu.org\/wp-content\/uploads\/2020\/01\/alex_cornelissen.jpg&#039;);background-position:left top;background-repeat:no-repeat;-webkit-background-size:cover;-moz-background-size:cover;-o-background-size:cover;background-size:cover;padding: 0px 0px 0px 0px;\" data-bg-url=\"https:\/\/stop-finning-eu.org\/wp-content\/uploads\/2020\/01\/alex_cornelissen.jpg\"><div class=\"fusion-clearfix\"><\/div><\/div><\/div><\/div><\/div><\/p>\n","protected":false},"excerpt":{"rendered":"","protected":false},"author":6,"featured_media":0,"parent":0,"menu_order":0,"comment_status":"closed","ping_status":"closed","template":"100-width.php","meta":{"footnotes":""},"class_list":["post-1938","page","type-page","status-publish","hentry"],"yoast_head":"<!-- This site is optimized with the Yoast SEO plugin v26.1.1 - https:\/\/yoast.com\/wordpress\/plugins\/seo\/ -->\n<title>Iniciativa Ciudadana Europea - STOP FINNING<\/title>\n<meta name=\"robots\" content=\"index, follow, max-snippet:-1, max-image-preview:large, max-video-preview:-1\" \/>\n<link rel=\"canonical\" href=\"https:\/\/stop-finning-eu.org\/es\/iniciativa-ciudadana-europea\/\" \/>\n<meta property=\"og:locale\" content=\"es_ES\" \/>\n<meta property=\"og:type\" content=\"article\" \/>\n<meta property=\"og:title\" content=\"Iniciativa Ciudadana Europea - STOP FINNING\" \/>\n<meta property=\"og:url\" content=\"https:\/\/stop-finning-eu.org\/es\/iniciativa-ciudadana-europea\/\" \/>\n<meta property=\"og:site_name\" content=\"STOP FINNING\" \/>\n<meta property=\"article:modified_time\" content=\"2024-01-08T09:41:22+00:00\" \/>\n<meta property=\"og:image\" content=\"https:\/\/stop-finning-eu.org\/wp-content\/uploads\/2020\/02\/stop_finning_eu-en-1024x724.jpg\" \/>\n\t<meta property=\"og:image:width\" content=\"1024\" \/>\n\t<meta property=\"og:image:height\" content=\"724\" \/>\n\t<meta property=\"og:image:type\" content=\"image\/jpeg\" \/>\n<meta name=\"twitter:card\" content=\"summary_large_image\" \/>\n<meta name=\"twitter:label1\" content=\"Tiempo de lectura\" \/>\n\t<meta name=\"twitter:data1\" content=\"17 minutos\" \/>\n<script type=\"application\/ld+json\" class=\"yoast-schema-graph\">{\"@context\":\"https:\/\/schema.org\",\"@graph\":[{\"@type\":\"WebPage\",\"@id\":\"https:\/\/stop-finning-eu.org\/es\/iniciativa-ciudadana-europea\/\",\"url\":\"https:\/\/stop-finning-eu.org\/es\/iniciativa-ciudadana-europea\/\",\"name\":\"Iniciativa Ciudadana Europea - STOP FINNING\",\"isPartOf\":{\"@id\":\"https:\/\/stop-finning-eu.org\/#website\"},\"datePublished\":\"2019-07-22T12:36:00+00:00\",\"dateModified\":\"2024-01-08T09:41:22+00:00\",\"breadcrumb\":{\"@id\":\"https:\/\/stop-finning-eu.org\/es\/iniciativa-ciudadana-europea\/#breadcrumb\"},\"inLanguage\":\"es\",\"potentialAction\":[{\"@type\":\"ReadAction\",\"target\":[\"https:\/\/stop-finning-eu.org\/es\/iniciativa-ciudadana-europea\/\"]}]},{\"@type\":\"BreadcrumbList\",\"@id\":\"https:\/\/stop-finning-eu.org\/es\/iniciativa-ciudadana-europea\/#breadcrumb\",\"itemListElement\":[{\"@type\":\"ListItem\",\"position\":1,\"name\":\"Startseite\",\"item\":\"https:\/\/stop-finning-eu.org\/es\/\"},{\"@type\":\"ListItem\",\"position\":2,\"name\":\"Iniciativa Ciudadana Europea\"}]},{\"@type\":\"WebSite\",\"@id\":\"https:\/\/stop-finning-eu.org\/#website\",\"url\":\"https:\/\/stop-finning-eu.org\/\",\"name\":\"STOP FINNING\",\"description\":\"It\u00b4s time for Europe to act!\",\"potentialAction\":[{\"@type\":\"SearchAction\",\"target\":{\"@type\":\"EntryPoint\",\"urlTemplate\":\"https:\/\/stop-finning-eu.org\/?s={search_term_string}\"},\"query-input\":{\"@type\":\"PropertyValueSpecification\",\"valueRequired\":true,\"valueName\":\"search_term_string\"}}],\"inLanguage\":\"es\"}]}<\/script>\n<!-- \/ Yoast SEO plugin. -->","yoast_head_json":{"title":"Iniciativa Ciudadana Europea - STOP FINNING","robots":{"index":"index","follow":"follow","max-snippet":"max-snippet:-1","max-image-preview":"max-image-preview:large","max-video-preview":"max-video-preview:-1"},"canonical":"https:\/\/stop-finning-eu.org\/es\/iniciativa-ciudadana-europea\/","og_locale":"es_ES","og_type":"article","og_title":"Iniciativa Ciudadana Europea - STOP FINNING","og_url":"https:\/\/stop-finning-eu.org\/es\/iniciativa-ciudadana-europea\/","og_site_name":"STOP FINNING","article_modified_time":"2024-01-08T09:41:22+00:00","og_image":[{"width":1024,"height":724,"url":"https:\/\/stop-finning-eu.org\/wp-content\/uploads\/2020\/02\/stop_finning_eu-en-1024x724.jpg","type":"image\/jpeg"}],"twitter_card":"summary_large_image","twitter_misc":{"Tiempo de lectura":"17 minutos"},"schema":{"@context":"https:\/\/schema.org","@graph":[{"@type":"WebPage","@id":"https:\/\/stop-finning-eu.org\/es\/iniciativa-ciudadana-europea\/","url":"https:\/\/stop-finning-eu.org\/es\/iniciativa-ciudadana-europea\/","name":"Iniciativa Ciudadana Europea - STOP FINNING","isPartOf":{"@id":"https:\/\/stop-finning-eu.org\/#website"},"datePublished":"2019-07-22T12:36:00+00:00","dateModified":"2024-01-08T09:41:22+00:00","breadcrumb":{"@id":"https:\/\/stop-finning-eu.org\/es\/iniciativa-ciudadana-europea\/#breadcrumb"},"inLanguage":"es","potentialAction":[{"@type":"ReadAction","target":["https:\/\/stop-finning-eu.org\/es\/iniciativa-ciudadana-europea\/"]}]},{"@type":"BreadcrumbList","@id":"https:\/\/stop-finning-eu.org\/es\/iniciativa-ciudadana-europea\/#breadcrumb","itemListElement":[{"@type":"ListItem","position":1,"name":"Startseite","item":"https:\/\/stop-finning-eu.org\/es\/"},{"@type":"ListItem","position":2,"name":"Iniciativa Ciudadana Europea"}]},{"@type":"WebSite","@id":"https:\/\/stop-finning-eu.org\/#website","url":"https:\/\/stop-finning-eu.org\/","name":"STOP FINNING","description":"It\u00b4s time for Europe to act!","potentialAction":[{"@type":"SearchAction","target":{"@type":"EntryPoint","urlTemplate":"https:\/\/stop-finning-eu.org\/?s={search_term_string}"},"query-input":{"@type":"PropertyValueSpecification","valueRequired":true,"valueName":"search_term_string"}}],"inLanguage":"es"}]}},"_links":{"self":[{"href":"https:\/\/stop-finning-eu.org\/es\/wp-json\/wp\/v2\/pages\/1938","targetHints":{"allow":["GET"]}}],"collection":[{"href":"https:\/\/stop-finning-eu.org\/es\/wp-json\/wp\/v2\/pages"}],"about":[{"href":"https:\/\/stop-finning-eu.org\/es\/wp-json\/wp\/v2\/types\/page"}],"author":[{"embeddable":true,"href":"https:\/\/stop-finning-eu.org\/es\/wp-json\/wp\/v2\/users\/6"}],"replies":[{"embeddable":true,"href":"https:\/\/stop-finning-eu.org\/es\/wp-json\/wp\/v2\/comments?post=1938"}],"version-history":[{"count":2,"href":"https:\/\/stop-finning-eu.org\/es\/wp-json\/wp\/v2\/pages\/1938\/revisions"}],"predecessor-version":[{"id":15705,"href":"https:\/\/stop-finning-eu.org\/es\/wp-json\/wp\/v2\/pages\/1938\/revisions\/15705"}],"wp:attachment":[{"href":"https:\/\/stop-finning-eu.org\/es\/wp-json\/wp\/v2\/media?parent=1938"}],"curies":[{"name":"wp","href":"https:\/\/api.w.org\/{rel}","templated":true}]}}