{"id":3844,"date":"2019-07-22T14:36:00","date_gmt":"2019-07-22T12:36:00","guid":{"rendered":"https:\/\/stop-finning.eu\/eu-buergerinitiative\/"},"modified":"2024-01-08T10:41:04","modified_gmt":"2024-01-08T09:41:04","slug":"initiative-citoyenne-europeenne","status":"publish","type":"page","link":"https:\/\/stop-finning-eu.org\/fr\/initiative-citoyenne-europeenne\/","title":{"rendered":"Initiative citoyenne europ\u00e9enne"},"content":{"rendered":"<p><div class=\"fusion-fullwidth fullwidth-box fusion-builder-row-1 nonhundred-percent-fullwidth non-hundred-percent-height-scrolling\" style=\"background-color: #ee6059;background-position: center center;background-repeat: no-repeat;padding-top:60px;padding-right:0px;padding-bottom:30px;padding-left:0px;margin-bottom: 0px;margin-top: 0px;border-width: 0px 0px 0px 0px;border-color:#25292b;border-style:solid;\" ><div class=\"fusion-builder-row fusion-row\"><div class=\"fusion-layout-column fusion_builder_column fusion-builder-column-0 fusion_builder_column_1_1 1_1 fusion-one-full fusion-column-first fusion-column-last\" style=\"margin-top:0px;margin-bottom:20px;\"><div class=\"fusion-column-wrapper fusion-flex-column-wrapper-legacy\" style=\"background-position:left top;background-repeat:no-repeat;-webkit-background-size:cover;-moz-background-size:cover;-o-background-size:cover;background-size:cover;padding: 0px 0px 0px 0px;\"><div class=\"fusion-text fusion-text-1\"><h2 style=\"text-align: center;\">Initiative citoyenne europ\u00e9enne<\/h2>\n<\/div><div class=\"fusion-clearfix\"><\/div><\/div><\/div><\/div><\/div><div class=\"fusion-fullwidth fullwidth-box fusion-builder-row-2 hundred-percent-fullwidth non-hundred-percent-height-scrolling\" style=\"background-color: #25292b;background-position: center center;background-repeat: no-repeat;padding-top:0px;padding-right:0px;padding-bottom:0px;padding-left:30px;margin-bottom: 0px;margin-top: 0px;border-width: 0px 0px 0px 0px;border-color:#25292b;border-style:solid;\" ><div class=\"fusion-builder-row fusion-row\"><div class=\"fusion-layout-column fusion_builder_column fusion-builder-column-1 fusion_builder_column_1_1 1_1 fusion-one-full fusion-column-first fusion-column-last fusion-column-no-min-height\" style=\"margin-top:0px;margin-bottom:0px;\"><div class=\"fusion-column-wrapper fusion-flex-column-wrapper-legacy\" style=\"background-position:left top;background-blend-mode: overlay;background-repeat:no-repeat;-webkit-background-size:cover;-moz-background-size:cover;-o-background-size:cover;background-size:cover;padding: 0px 0px 0px 0px;\"><div class=\"fusion-section-separator section-separator triangle fusion-section-separator-1\"><div class=\"fusion-section-separator-svg\" style=\"border-bottom:0px solid #ee6059;margin-left: 0px;margin-right: 0px;\"><div class=\"divider-candy-arrow bottom\" style=\"top:0px;border-top-color: #ee6059;\"><\/div><div class=\"divider-candy bottom\" style=\"bottom:-20px;border-bottom:1px solid #ee6059;border-left:1px solid #ee6059;\"><\/div><\/div><div class=\"fusion-section-separator-spacer\"><div class=\"fusion-section-separator-spacer-height\" style=\"height:0px;\"><\/div><\/div><\/div><div class=\"fusion-clearfix\"><\/div><\/div><\/div><\/div><\/div><div class=\"fusion-fullwidth fullwidth-box fusion-builder-row-3 nonhundred-percent-fullwidth non-hundred-percent-height-scrolling\" style=\"background-color: #25292b;background-position: center center;background-repeat: no-repeat;padding-top:100px;padding-right:0px;padding-bottom:70px;padding-left:0px;margin-bottom: 0px;margin-top: 0px;border-width: 0px 0px 0px 0px;border-color:#25292b;border-style:solid;\" ><div class=\"fusion-builder-row fusion-row\"><div class=\"fusion-layout-column fusion_builder_column fusion-builder-column-2 fusion_builder_column_1_3 1_3 fusion-one-third fusion-column-first\" style=\"width:33.333333333333%;width:calc(33.333333333333% - ( ( 4% + 4% ) * 0.33333333333333 ) );margin-right: 4%;margin-top:0px;margin-bottom:20px;\"><div class=\"fusion-column-wrapper fusion-flex-column-wrapper-legacy\" style=\"background-position:left top;background-repeat:no-repeat;-webkit-background-size:cover;-moz-background-size:cover;-o-background-size:cover;background-size:cover;padding: 0px 0px 0px 0px;\"><div class=\"fusion-text fusion-text-2\"><p>Depuis 2012, les citoyens europ\u00e9ens ont le droit de s\u2019adresser directement \u00e0 la Commission europ\u00e9enne via une initiative citoyenne europ\u00e9enne<\/p>\n<p>Pour cela, il faut d\u2019abord constituer un comit\u00e9 de citoyens, compos\u00e9 d\u2019au moins sept membres provenant d\u2019au moins sept pays diff\u00e9rents de l\u2019UE. Apr\u00e8s l\u2019examen de l\u2019initiative par la Commission europ\u00e9enne, le comit\u00e9 de citoyens dispose d\u2019un an pour recueillir des signatures.<\/p>\n<p>Au total, au moins un million de signatures doivent \u00eatre recueillies et le nombre minimum de signatures doit \u00e9galement \u00eatre atteint dans au moins un quart des pays de l\u2019UE, ce qui repr\u00e9sente actuellement sept pays de l\u2019UE [1]. Le nombre minimum requis est d\u2019environ 750 fois le nombre de membres du Parlement europ\u00e9en.<\/p>\n<p>Par exemple en France, il s\u2019agit de 56000 signatures, et en Belgique de 16000 signatures.<\/p>\n<\/div><div class=\"fusion-clearfix\"><\/div><\/div><\/div><div class=\"fusion-layout-column fusion_builder_column fusion-builder-column-3 fusion_builder_column_1_3 1_3 fusion-one-third\" style=\"width:33.333333333333%;width:calc(33.333333333333% - ( ( 4% + 4% ) * 0.33333333333333 ) );margin-right: 4%;margin-top:0px;margin-bottom:20px;\"><div class=\"fusion-column-wrapper fusion-flex-column-wrapper-legacy\" style=\"background-position:left top;background-repeat:no-repeat;-webkit-background-size:cover;-moz-background-size:cover;-o-background-size:cover;background-size:cover;padding: 0px 0px 0px 0px;\"><div class=\"fusion-text fusion-text-3\"><p>Le nombre minimum de signatures requis pour chaque \u00c9tat de l\u2019UE est indiqu\u00e9 dans le Registre officiel de la Commission europ\u00e9enne [2]. Les signatures peuvent \u00eatre recueillies par \u00e9crit ou en ligne.<\/p>\n<p>Si le nombre requis de signatures est atteint dans le d\u00e9lai imparti, la Commission europ\u00e9enne est oblig\u00e9e de r\u00e9agir et le comit\u00e9 de citoyens peut pr\u00e9senter son initiative lors d\u2019une audition publique au Parlement europ\u00e9en. Dans un d\u00e9lai de trois mois, la Commission europ\u00e9enne donne une r\u00e9ponse sur la mani\u00e8re dont ils comptent proc\u00e9der. Dans le meilleur des cas, cela conduit \u00e0 une acceptation de la proposition et \u00e0 une modification de la loi. Toutefois, la Commission europ\u00e9enne peut \u00e9galement rejeter l\u2019initiative citoyenne, \u00e0 condition que les raisons en soient expliqu\u00e9es.<\/p>\n<\/div><div class=\"fusion-clearfix\"><\/div><\/div><\/div><div class=\"fusion-layout-column fusion_builder_column fusion-builder-column-4 fusion_builder_column_1_3 1_3 fusion-one-third fusion-column-last\" style=\"width:33.333333333333%;width:calc(33.333333333333% - ( ( 4% + 4% ) * 0.33333333333333 ) );margin-top:0px;margin-bottom:20px;\"><div class=\"fusion-column-wrapper fusion-flex-column-wrapper-legacy\" style=\"background-position:left top;background-repeat:no-repeat;-webkit-background-size:cover;-moz-background-size:cover;-o-background-size:cover;background-size:cover;padding: 0px 0px 0px 0px;\"><div class=\"fusion-text fusion-text-4\"><blockquote>\n<p>Nous voyons dans l\u2019initiative citoyenne europ\u00e9enne une chance de nous engager pour l\u2019extension de la r\u00e9glementation \u00ab Fins Naturally Attached \u00bb dans l\u2019UE. Pour cela, nous avons besoin de nombreux partisans dans toute l\u2019UE.<\/p>\n<\/blockquote>\n<p>* Les membres du comit\u00e9 de citoyens doivent avoir atteint l\u2019\u00e2ge l\u00e9gal de vote (pour le cas g\u00e9n\u00e9ral : 18 ans, Autriche et Malte : 16 ans, Gr\u00e8ce : 17 ans) et les membres de la Commission europ\u00e9enne ne peuvent pas en faire partie. L\u2019inscription sur les listes \u00e9lectorales n\u2019est pas n\u00e9cessaire.<\/p>\n<\/div><div class=\"fusion-text fusion-text-5\"><h6>[1] R\u00e8glement (UE) n \u00b0 211\/2011 du Parlement europ\u00e9en et du Conseil du 16 f\u00e9vrier 2011 sur l&rsquo;initiative citoyenne, 2011<\/h6>\n<h6>[2] Registre officiel de la Commission europ\u00e9enne sur l&rsquo;initiative citoyenne europ\u00e9enne<em>, <\/em><a href=\"https:\/\/ec.europa.eu\/citizens-initiative\/public\/signatories\" target=\"_blank\" rel=\"noopener noreferrer\">https:\/\/ec.europa.eu\/citizens-initiative\/public\/signatories<\/a>, 2019<\/h6>\n<\/div><div class=\"fusion-clearfix\"><\/div><\/div><\/div><\/div><\/div><div class=\"fusion-fullwidth fullwidth-box fusion-builder-row-4 nonhundred-percent-fullwidth non-hundred-percent-height-scrolling\" style=\"background-color: #ee6059;background-position: center center;background-repeat: no-repeat;padding-top:60px;padding-right:0px;padding-bottom:30px;padding-left:0px;margin-bottom: 0px;margin-top: 0px;border-width: 0px 0px 0px 0px;border-color:#25292b;border-style:solid;\" ><div class=\"fusion-builder-row fusion-row\"><div class=\"fusion-layout-column fusion_builder_column fusion-builder-column-5 fusion_builder_column_1_1 1_1 fusion-one-full fusion-column-first fusion-column-last\" style=\"margin-top:0px;margin-bottom:20px;\"><div class=\"fusion-column-wrapper fusion-flex-column-wrapper-legacy\" style=\"background-position:left top;background-repeat:no-repeat;-webkit-background-size:cover;-moz-background-size:cover;-o-background-size:cover;background-size:cover;padding: 0px 0px 0px 0px;\"><div class=\"fusion-text fusion-text-6\"><h2 style=\"text-align: center;\">Initiators #stopfinningEU<\/h2>\n<\/div><div class=\"fusion-clearfix\"><\/div><\/div><\/div><\/div><\/div><div class=\"fusion-fullwidth fullwidth-box fusion-builder-row-5 nonhundred-percent-fullwidth non-hundred-percent-height-scrolling fusion-equal-height-columns\" style=\"background-color: #25292b;background-position: center center;background-repeat: no-repeat;padding-top:0px;padding-right:0px;padding-bottom:0px;padding-left:0px;margin-bottom: 50px;margin-top: 100px;border-width: 0px 0px 0px 0px;border-color:#25292b;border-style:solid;\" ><div class=\"fusion-builder-row fusion-row\"><div class=\"fusion-layout-column fusion_builder_column fusion-builder-column-6 fusion_builder_column_1_3 1_3 fusion-one-third fusion-column-first\" style=\"margin-top:0px;margin-bottom:0px;\"><div class=\"fusion-column-wrapper fusion-flex-column-wrapper-legacy\" style=\"background-image: url(&#039;https:\/\/stop-finning-eu.org\/wp-content\/uploads\/2020\/01\/nils_kluger.jpg&#039;);background-position:left top;background-repeat:no-repeat;-webkit-background-size:cover;-moz-background-size:cover;-o-background-size:cover;background-size:cover;padding: 0px 0px 0px 0px;\" data-bg-url=\"https:\/\/stop-finning-eu.org\/wp-content\/uploads\/2020\/01\/nils_kluger.jpg\"><div class=\"fusion-clearfix\"><\/div><\/div><\/div><div class=\"fusion-layout-column fusion_builder_column fusion-builder-column-7 fusion_builder_column_2_3 2_3 fusion-two-third fusion-column-last\" style=\"margin-top:0px;margin-bottom:0px;\"><div class=\"fusion-column-wrapper fusion-flex-column-wrapper-legacy\" style=\"background-image: url(&#039;https:\/\/stop-finning-eu.org\/wp-content\/uploads\/2020\/01\/testimonial_box_bg2.png&#039;);background-position:right bottom;background-repeat:no-repeat;-webkit-background-size:cover;-moz-background-size:cover;-o-background-size:cover;background-size:cover;padding: 40px 40px 40px 40px;\" data-bg-url=\"https:\/\/stop-finning-eu.org\/wp-content\/uploads\/2020\/01\/testimonial_box_bg2.png\"><div class=\"fusion-text fusion-text-7\"><p><em><strong><b><i>\u201cGr\u00e2ce \u00e0 cette initiative, nous avons une chance de nous opposer \u00e0 l\u2019amputation ill\u00e9gale des ailerons et \u00e0 la p\u00eache des requins pour leurs ailerons. Le commerce des ailerons depuis l\u2019Europe doit cesser !\u201d<\/i><\/b><\/strong><\/em><\/p>\n<\/div><div class=\"fusion-text fusion-text-8\"><p>Nils est moniteur de plong\u00e9e et milite pour la pr\u00e9servation des requins \u00e1 Stop Finning Deutschland. Il a plong\u00e9 avec les requins tout autour du monde : il conna\u00eet leur beaut\u00e9 et le r\u00f4le irrempla\u00e7able qu\u2019ils jouent dans les \u00e9cosyst\u00e8mes marins, ainsi que les menaces que les humains font peser sur leur existence. Nils travaille pour Sharkproject, une association internationale qui lutte pour la sauvegarde des requins.<\/p>\n<\/div><div class=\"fusion-text fusion-text-9\"><p><span style=\"color: #ee6059;\"><strong><em>Dr. Nils Kluger<\/em><br \/>\n<\/strong><\/span><\/p>\n<\/div><div class=\"fusion-sep-clear\"><\/div><div class=\"fusion-separator fusion-full-width-sep\" style=\"margin-left: auto;margin-right: auto;margin-top:-15px;width:100%;\"><\/div><div class=\"fusion-sep-clear\"><\/div><div class=\"fusion-text fusion-text-10\"><p>Allemagne, Porte-parole<\/p>\n<\/div><div class=\"fusion-clearfix\"><\/div><\/div><\/div><div class=\"fusion-layout-column fusion_builder_column fusion-builder-column-8 fusion_builder_column_1_1 1_1 fusion-one-full fusion-column-first fusion-column-last fusion-column-no-min-height\" style=\"margin-top:0px;margin-bottom:0px;\"><div class=\"fusion-column-wrapper fusion-flex-column-wrapper-legacy\" style=\"background-position:left top;background-repeat:no-repeat;-webkit-background-size:cover;-moz-background-size:cover;-o-background-size:cover;background-size:cover;padding: 0px 0px 0px 0px;\"><div class=\"fusion-sep-clear\"><\/div><div class=\"fusion-separator fusion-full-width-sep\" style=\"margin-left: auto;margin-right: auto;margin-top:90px;width:100%;\"><\/div><div class=\"fusion-sep-clear\"><\/div><div class=\"fusion-clearfix\"><\/div><\/div><\/div><div class=\"fusion-layout-column fusion_builder_column fusion-builder-column-9 fusion_builder_column_2_3 2_3 fusion-two-third fusion-column-first\" style=\"margin-top:0px;margin-bottom:0px;\"><div class=\"fusion-column-wrapper fusion-flex-column-wrapper-legacy\" style=\"background-image: url(&#039;https:\/\/stop-finning-eu.org\/wp-content\/uploads\/2020\/01\/testimonial_box_bg2.png&#039;);background-position:right bottom;background-repeat:no-repeat;-webkit-background-size:cover;-moz-background-size:cover;-o-background-size:cover;background-size:cover;background-color:#1e2123;padding: 40px 40px 40px 40px;\" data-bg-url=\"https:\/\/stop-finning-eu.org\/wp-content\/uploads\/2020\/01\/testimonial_box_bg2.png\"><div class=\"fusion-text fusion-text-11\"><p><strong><em><b><i>\u201cLes requins sont les animaux les plus sous-estim\u00e9s de l\u2019oc\u00e9an : ils sont la perfection et la beaut\u00e9 incarn\u00e9es. Leur importance pour les \u00e9cosyst\u00e8mes est fondamentale pour la survie des oc\u00e9ans : nous devons faire un bond en avant dans les mesures de protection des requins\u201d<\/i><\/b><\/em><\/strong><\/p>\n<\/div><div class=\"fusion-text fusion-text-12\"><p>Alex est le PDG de Sea Shepherd Global. En travaillant pour Sea Shepherd, il a \u00e9t\u00e9 aux premi\u00e8res loges pour observer les effets d\u00e9vastateurs de la p\u00eache des requins sur leurs populations \u00e0 travers le monde. Il a aussi eu le privil\u00e8ge de plonger avec les requins en de nombreux endroits.<\/p>\n<\/div><div class=\"fusion-text fusion-text-13\"><p><em><span style=\"color: #ee6059;\"><strong>Alex Cornelissen<\/strong><\/span><\/em><\/p>\n<\/div><div class=\"fusion-sep-clear\"><\/div><div class=\"fusion-separator fusion-full-width-sep\" style=\"margin-left: auto;margin-right: auto;margin-top:-15px;width:100%;\"><\/div><div class=\"fusion-sep-clear\"><\/div><div class=\"fusion-text fusion-text-14\"><p>Pays-Bas, Porte-parole suppl\u00e9ant<\/p>\n<\/div><div class=\"fusion-clearfix\"><\/div><\/div><\/div><div class=\"fusion-layout-column fusion_builder_column fusion-builder-column-10 fusion_builder_column_1_3 1_3 fusion-one-third fusion-column-last\" style=\"margin-top:0px;margin-bottom:0px;\"><div class=\"fusion-column-wrapper fusion-flex-column-wrapper-legacy\" style=\"background-image: url(&#039;https:\/\/stop-finning-eu.org\/wp-content\/uploads\/2020\/01\/alex_cornelissen.jpg&#039;);background-position:left top;background-repeat:no-repeat;-webkit-background-size:cover;-moz-background-size:cover;-o-background-size:cover;background-size:cover;padding: 0px 0px 0px 0px;\" data-bg-url=\"https:\/\/stop-finning-eu.org\/wp-content\/uploads\/2020\/01\/alex_cornelissen.jpg\"><div class=\"fusion-clearfix\"><\/div><\/div><\/div><\/div><\/div><\/p>\n","protected":false},"excerpt":{"rendered":"","protected":false},"author":6,"featured_media":0,"parent":0,"menu_order":0,"comment_status":"closed","ping_status":"closed","template":"100-width.php","meta":{"footnotes":""},"class_list":["post-3844","page","type-page","status-publish","hentry"],"yoast_head":"<!-- This site is optimized with the Yoast SEO plugin v26.1.1 - https:\/\/yoast.com\/wordpress\/plugins\/seo\/ -->\n<title>Initiative citoyenne europ\u00e9enne - STOP FINNING<\/title>\n<meta name=\"robots\" content=\"index, follow, max-snippet:-1, max-image-preview:large, max-video-preview:-1\" \/>\n<link rel=\"canonical\" href=\"https:\/\/stop-finning-eu.org\/fr\/initiative-citoyenne-europeenne\/\" \/>\n<meta property=\"og:locale\" content=\"fr_FR\" \/>\n<meta property=\"og:type\" content=\"article\" \/>\n<meta property=\"og:title\" content=\"Initiative citoyenne europ\u00e9enne - STOP FINNING\" \/>\n<meta property=\"og:url\" content=\"https:\/\/stop-finning-eu.org\/fr\/initiative-citoyenne-europeenne\/\" \/>\n<meta property=\"og:site_name\" content=\"STOP FINNING\" \/>\n<meta property=\"article:modified_time\" content=\"2024-01-08T09:41:04+00:00\" \/>\n<meta property=\"og:image\" content=\"https:\/\/stop-finning-eu.org\/wp-content\/uploads\/2020\/02\/stop_finning_eu-en-1024x724.jpg\" \/>\n\t<meta property=\"og:image:width\" content=\"1024\" \/>\n\t<meta property=\"og:image:height\" content=\"724\" \/>\n\t<meta property=\"og:image:type\" content=\"image\/jpeg\" \/>\n<meta name=\"twitter:card\" content=\"summary_large_image\" \/>\n<meta name=\"twitter:label1\" content=\"Dur\u00e9e de lecture estim\u00e9e\" \/>\n\t<meta name=\"twitter:data1\" content=\"7 minutes\" \/>\n<script type=\"application\/ld+json\" class=\"yoast-schema-graph\">{\"@context\":\"https:\/\/schema.org\",\"@graph\":[{\"@type\":\"WebPage\",\"@id\":\"https:\/\/stop-finning-eu.org\/fr\/initiative-citoyenne-europeenne\/\",\"url\":\"https:\/\/stop-finning-eu.org\/fr\/initiative-citoyenne-europeenne\/\",\"name\":\"Initiative citoyenne europ\u00e9enne - STOP FINNING\",\"isPartOf\":{\"@id\":\"https:\/\/stop-finning-eu.org\/#website\"},\"datePublished\":\"2019-07-22T12:36:00+00:00\",\"dateModified\":\"2024-01-08T09:41:04+00:00\",\"breadcrumb\":{\"@id\":\"https:\/\/stop-finning-eu.org\/fr\/initiative-citoyenne-europeenne\/#breadcrumb\"},\"inLanguage\":\"fr-FR\",\"potentialAction\":[{\"@type\":\"ReadAction\",\"target\":[\"https:\/\/stop-finning-eu.org\/fr\/initiative-citoyenne-europeenne\/\"]}]},{\"@type\":\"BreadcrumbList\",\"@id\":\"https:\/\/stop-finning-eu.org\/fr\/initiative-citoyenne-europeenne\/#breadcrumb\",\"itemListElement\":[{\"@type\":\"ListItem\",\"position\":1,\"name\":\"Startseite\",\"item\":\"https:\/\/stop-finning-eu.org\/fr\/\"},{\"@type\":\"ListItem\",\"position\":2,\"name\":\"Initiative citoyenne europ\u00e9enne\"}]},{\"@type\":\"WebSite\",\"@id\":\"https:\/\/stop-finning-eu.org\/#website\",\"url\":\"https:\/\/stop-finning-eu.org\/\",\"name\":\"STOP FINNING\",\"description\":\"It\u00b4s time for Europe to act!\",\"potentialAction\":[{\"@type\":\"SearchAction\",\"target\":{\"@type\":\"EntryPoint\",\"urlTemplate\":\"https:\/\/stop-finning-eu.org\/?s={search_term_string}\"},\"query-input\":{\"@type\":\"PropertyValueSpecification\",\"valueRequired\":true,\"valueName\":\"search_term_string\"}}],\"inLanguage\":\"fr-FR\"}]}<\/script>\n<!-- \/ Yoast SEO plugin. -->","yoast_head_json":{"title":"Initiative citoyenne europ\u00e9enne - STOP FINNING","robots":{"index":"index","follow":"follow","max-snippet":"max-snippet:-1","max-image-preview":"max-image-preview:large","max-video-preview":"max-video-preview:-1"},"canonical":"https:\/\/stop-finning-eu.org\/fr\/initiative-citoyenne-europeenne\/","og_locale":"fr_FR","og_type":"article","og_title":"Initiative citoyenne europ\u00e9enne - STOP FINNING","og_url":"https:\/\/stop-finning-eu.org\/fr\/initiative-citoyenne-europeenne\/","og_site_name":"STOP FINNING","article_modified_time":"2024-01-08T09:41:04+00:00","og_image":[{"width":1024,"height":724,"url":"https:\/\/stop-finning-eu.org\/wp-content\/uploads\/2020\/02\/stop_finning_eu-en-1024x724.jpg","type":"image\/jpeg"}],"twitter_card":"summary_large_image","twitter_misc":{"Dur\u00e9e de lecture estim\u00e9e":"7 minutes"},"schema":{"@context":"https:\/\/schema.org","@graph":[{"@type":"WebPage","@id":"https:\/\/stop-finning-eu.org\/fr\/initiative-citoyenne-europeenne\/","url":"https:\/\/stop-finning-eu.org\/fr\/initiative-citoyenne-europeenne\/","name":"Initiative citoyenne europ\u00e9enne - STOP FINNING","isPartOf":{"@id":"https:\/\/stop-finning-eu.org\/#website"},"datePublished":"2019-07-22T12:36:00+00:00","dateModified":"2024-01-08T09:41:04+00:00","breadcrumb":{"@id":"https:\/\/stop-finning-eu.org\/fr\/initiative-citoyenne-europeenne\/#breadcrumb"},"inLanguage":"fr-FR","potentialAction":[{"@type":"ReadAction","target":["https:\/\/stop-finning-eu.org\/fr\/initiative-citoyenne-europeenne\/"]}]},{"@type":"BreadcrumbList","@id":"https:\/\/stop-finning-eu.org\/fr\/initiative-citoyenne-europeenne\/#breadcrumb","itemListElement":[{"@type":"ListItem","position":1,"name":"Startseite","item":"https:\/\/stop-finning-eu.org\/fr\/"},{"@type":"ListItem","position":2,"name":"Initiative citoyenne europ\u00e9enne"}]},{"@type":"WebSite","@id":"https:\/\/stop-finning-eu.org\/#website","url":"https:\/\/stop-finning-eu.org\/","name":"STOP FINNING","description":"It\u00b4s time for Europe to act!","potentialAction":[{"@type":"SearchAction","target":{"@type":"EntryPoint","urlTemplate":"https:\/\/stop-finning-eu.org\/?s={search_term_string}"},"query-input":{"@type":"PropertyValueSpecification","valueRequired":true,"valueName":"search_term_string"}}],"inLanguage":"fr-FR"}]}},"_links":{"self":[{"href":"https:\/\/stop-finning-eu.org\/fr\/wp-json\/wp\/v2\/pages\/3844","targetHints":{"allow":["GET"]}}],"collection":[{"href":"https:\/\/stop-finning-eu.org\/fr\/wp-json\/wp\/v2\/pages"}],"about":[{"href":"https:\/\/stop-finning-eu.org\/fr\/wp-json\/wp\/v2\/types\/page"}],"author":[{"embeddable":true,"href":"https:\/\/stop-finning-eu.org\/fr\/wp-json\/wp\/v2\/users\/6"}],"replies":[{"embeddable":true,"href":"https:\/\/stop-finning-eu.org\/fr\/wp-json\/wp\/v2\/comments?post=3844"}],"version-history":[{"count":3,"href":"https:\/\/stop-finning-eu.org\/fr\/wp-json\/wp\/v2\/pages\/3844\/revisions"}],"predecessor-version":[{"id":15703,"href":"https:\/\/stop-finning-eu.org\/fr\/wp-json\/wp\/v2\/pages\/3844\/revisions\/15703"}],"wp:attachment":[{"href":"https:\/\/stop-finning-eu.org\/fr\/wp-json\/wp\/v2\/media?parent=3844"}],"curies":[{"name":"wp","href":"https:\/\/api.w.org\/{rel}","templated":true}]}}