{"id":3846,"date":"2019-07-22T11:33:37","date_gmt":"2019-07-22T09:33:37","guid":{"rendered":"https:\/\/stop-finning.eu\/requirement\/"},"modified":"2023-05-03T11:39:37","modified_gmt":"2023-05-03T09:39:37","slug":"revendication","status":"publish","type":"page","link":"https:\/\/stop-finning-eu.org\/fr\/revendication\/","title":{"rendered":"Revendication"},"content":{"rendered":"<p><div class=\"fusion-fullwidth fullwidth-box fusion-builder-row-1 nonhundred-percent-fullwidth non-hundred-percent-height-scrolling\" style=\"background-color: #25292b;background-position: left top;background-repeat: no-repeat;padding-top:100px;padding-right:0px;padding-bottom:0px;padding-left:0px;margin-bottom: 0px;margin-top: 0px;border-width: 0px 0px 0px 0px;border-color:#25292b;border-style:solid;\" ><div class=\"fusion-builder-row fusion-row\"><div class=\"fusion-layout-column fusion_builder_column fusion-builder-column-0 fusion_builder_column_1_1 1_1 fusion-one-full fusion-column-first fusion-column-last fusion-column-no-min-height\" style=\"margin-top:0px;margin-bottom:0px;\"><div class=\"fusion-column-wrapper fusion-flex-column-wrapper-legacy\" style=\"background-position:left top;background-repeat:no-repeat;-webkit-background-size:cover;-moz-background-size:cover;-o-background-size:cover;background-size:cover;padding: 0px 0px 0px 0px;\"><div class=\"fusion-text fusion-text-1\"><h2 style=\"text-align: left;\">Revendication<\/h2>\n<\/div><div class=\"fusion-clearfix\"><\/div><\/div><\/div><\/div><\/div><div class=\"fusion-fullwidth fullwidth-box fusion-builder-row-2 nonhundred-percent-fullwidth non-hundred-percent-height-scrolling\" style=\"background-color: #25292b;background-position: center center;background-repeat: no-repeat;padding-top:0px;padding-right:0px;padding-bottom:70px;padding-left:0px;margin-bottom: 0px;margin-top: 0px;border-width: 0px 0px 0px 0px;border-color:#25292b;border-style:solid;\" ><div class=\"fusion-builder-row fusion-row\"><div class=\"fusion-layout-column fusion_builder_column fusion-builder-column-1 fusion_builder_column_1_1 1_1 fusion-one-full fusion-column-first fusion-column-last\" style=\"margin-top:0px;margin-bottom:20px;\"><div class=\"fusion-column-wrapper fusion-flex-column-wrapper-legacy\" style=\"background-position:left top;background-repeat:no-repeat;-webkit-background-size:cover;-moz-background-size:cover;-o-background-size:cover;background-size:cover;padding: 0px 0px 0px 0px;\"><div class=\"fusion-text fusion-text-2\"><p><span data-sheets-value=\"{\" data-sheets-userformat=\"{\">L&rsquo;initiative citoyenne europ\u00e9enne \u00ab\u00a0STOP FINNING &#8211; STOP THE TRADE\u00a0\u00bb est soutenue par plus de 100 ONG, d&rsquo;innombrables partenaires et b\u00e9n\u00e9voles ainsi que par 1 119 996 citoyens europ\u00e9ens et europ\u00e9ennes qui ont soumis leur d\u00e9claration de soutien.<\/span><\/p>\n<p>Quel est l&rsquo;objet de cette ICE ?<br \/>\nL&rsquo;ICE exige la fin du commerce des ailerons de requins en Europe. L&rsquo;un des plus grands risques pour les requins est d&rsquo;\u00eatre chass\u00e9s pour leurs ailerons. Il ne s&rsquo;agit pas seulement du \u00ab\u00a0finning\u00a0\u00bb au sens \u00e9troit du terme, mais de la pratique brutale qui consiste \u00e0 capturer les requins, \u00e0 leur couper leurs pr\u00e9cieux ailerons et \u00e0 les rejeter \u00e0 la mer, souvent alors qu&rsquo;ils sont encore vivants, pour qu&rsquo;ils se vident de leur sang ou qu&rsquo;ils s&rsquo;asphyxient. Heureusement, cette pratique est interdite dans l&rsquo;UE depuis le r\u00e8glement (UE) n\u00b0 605\/2013 du Parlement europ\u00e9en et du Conseil relatif aux \u00ab\u00a0ailerons naturellement attach\u00e9s\u00a0\u00bb, qui est toujours en vigueur.<\/p>\n<p>Malgr\u00e9 cela, 45 % des ailerons import\u00e9s en Asie proviennent de l&rsquo;UE. M\u00eame si les requins n&rsquo;ont pas \u00e0 souffrir du finning \u00e0 bord des navires, le commerce des ailerons d\u00e9tach\u00e9s pose d&rsquo;\u00e9normes probl\u00e8mes. L&rsquo;impact de ce commerce est bien plus important qu&rsquo;on ne le pense : chaque esp\u00e8ce de l&rsquo;\u00e9cosyst\u00e8me marin compte. Et lorsque l&rsquo;une d&rsquo;entre elles dispara\u00eet, des cha\u00eenes s&rsquo;enclenchent qui affectent non seulement les requins, mais aussi chacun d&rsquo;entre nous.<\/p>\n<p>C&rsquo;est pourquoi la demande de cette ICE est de modifier les r\u00e8gles relatives au commerce des ailerons de requins d\u00e9tach\u00e9s. Le r\u00e8glement actuel sur les \u00ab\u00a0Ailerons Naturellement Attach\u00e9s\u00a0\u00bb (\u201cFins Naturally Attached\u201d en anglais) stipule que les ailerons ne doivent pas \u00eatre retir\u00e9s du corps du requin avant le d\u00e9barquement. Pour mettre un terme au commerce des ailerons d\u00e9tach\u00e9s, une l\u00e9gislation suppl\u00e9mentaire sur le commerce est n\u00e9cessaire pour interdire l&rsquo;exportation, l&rsquo;importation et le transit des ailerons de requins d\u00e9tach\u00e9s!<\/p>\n<\/div><div class=\"fusion-clearfix\"><\/div><\/div><\/div><\/div><\/div><\/p>\n","protected":false},"excerpt":{"rendered":"","protected":false},"author":6,"featured_media":0,"parent":0,"menu_order":0,"comment_status":"closed","ping_status":"closed","template":"100-width.php","meta":{"footnotes":""},"class_list":["post-3846","page","type-page","status-publish","hentry"],"yoast_head":"<!-- This site is optimized with the Yoast SEO plugin v26.1.1 - https:\/\/yoast.com\/wordpress\/plugins\/seo\/ -->\n<title>Revendication - STOP FINNING<\/title>\n<meta name=\"robots\" content=\"index, follow, max-snippet:-1, max-image-preview:large, max-video-preview:-1\" \/>\n<link rel=\"canonical\" href=\"https:\/\/stop-finning-eu.org\/fr\/revendication\/\" \/>\n<meta property=\"og:locale\" content=\"fr_FR\" \/>\n<meta property=\"og:type\" content=\"article\" \/>\n<meta property=\"og:title\" content=\"Revendication - STOP FINNING\" \/>\n<meta property=\"og:url\" content=\"https:\/\/stop-finning-eu.org\/fr\/revendication\/\" \/>\n<meta property=\"og:site_name\" content=\"STOP FINNING\" \/>\n<meta property=\"article:modified_time\" content=\"2023-05-03T09:39:37+00:00\" \/>\n<meta property=\"og:image\" content=\"https:\/\/stop-finning-eu.org\/wp-content\/uploads\/2020\/02\/stop_finning_eu-en-1024x724.jpg\" \/>\n\t<meta property=\"og:image:width\" content=\"1024\" \/>\n\t<meta property=\"og:image:height\" content=\"724\" \/>\n\t<meta property=\"og:image:type\" content=\"image\/jpeg\" \/>\n<meta name=\"twitter:card\" content=\"summary_large_image\" \/>\n<meta name=\"twitter:label1\" content=\"Dur\u00e9e de lecture estim\u00e9e\" \/>\n\t<meta name=\"twitter:data1\" content=\"3 minutes\" \/>\n<script type=\"application\/ld+json\" class=\"yoast-schema-graph\">{\"@context\":\"https:\/\/schema.org\",\"@graph\":[{\"@type\":\"WebPage\",\"@id\":\"https:\/\/stop-finning-eu.org\/fr\/revendication\/\",\"url\":\"https:\/\/stop-finning-eu.org\/fr\/revendication\/\",\"name\":\"Revendication - STOP FINNING\",\"isPartOf\":{\"@id\":\"https:\/\/stop-finning-eu.org\/#website\"},\"datePublished\":\"2019-07-22T09:33:37+00:00\",\"dateModified\":\"2023-05-03T09:39:37+00:00\",\"breadcrumb\":{\"@id\":\"https:\/\/stop-finning-eu.org\/fr\/revendication\/#breadcrumb\"},\"inLanguage\":\"fr-FR\",\"potentialAction\":[{\"@type\":\"ReadAction\",\"target\":[\"https:\/\/stop-finning-eu.org\/fr\/revendication\/\"]}]},{\"@type\":\"BreadcrumbList\",\"@id\":\"https:\/\/stop-finning-eu.org\/fr\/revendication\/#breadcrumb\",\"itemListElement\":[{\"@type\":\"ListItem\",\"position\":1,\"name\":\"Startseite\",\"item\":\"https:\/\/stop-finning-eu.org\/fr\/\"},{\"@type\":\"ListItem\",\"position\":2,\"name\":\"Revendication\"}]},{\"@type\":\"WebSite\",\"@id\":\"https:\/\/stop-finning-eu.org\/#website\",\"url\":\"https:\/\/stop-finning-eu.org\/\",\"name\":\"STOP FINNING\",\"description\":\"It\u00b4s time for Europe to act!\",\"potentialAction\":[{\"@type\":\"SearchAction\",\"target\":{\"@type\":\"EntryPoint\",\"urlTemplate\":\"https:\/\/stop-finning-eu.org\/?s={search_term_string}\"},\"query-input\":{\"@type\":\"PropertyValueSpecification\",\"valueRequired\":true,\"valueName\":\"search_term_string\"}}],\"inLanguage\":\"fr-FR\"}]}<\/script>\n<!-- \/ Yoast SEO plugin. -->","yoast_head_json":{"title":"Revendication - STOP FINNING","robots":{"index":"index","follow":"follow","max-snippet":"max-snippet:-1","max-image-preview":"max-image-preview:large","max-video-preview":"max-video-preview:-1"},"canonical":"https:\/\/stop-finning-eu.org\/fr\/revendication\/","og_locale":"fr_FR","og_type":"article","og_title":"Revendication - STOP FINNING","og_url":"https:\/\/stop-finning-eu.org\/fr\/revendication\/","og_site_name":"STOP FINNING","article_modified_time":"2023-05-03T09:39:37+00:00","og_image":[{"width":1024,"height":724,"url":"https:\/\/stop-finning-eu.org\/wp-content\/uploads\/2020\/02\/stop_finning_eu-en-1024x724.jpg","type":"image\/jpeg"}],"twitter_card":"summary_large_image","twitter_misc":{"Dur\u00e9e de lecture estim\u00e9e":"3 minutes"},"schema":{"@context":"https:\/\/schema.org","@graph":[{"@type":"WebPage","@id":"https:\/\/stop-finning-eu.org\/fr\/revendication\/","url":"https:\/\/stop-finning-eu.org\/fr\/revendication\/","name":"Revendication - STOP FINNING","isPartOf":{"@id":"https:\/\/stop-finning-eu.org\/#website"},"datePublished":"2019-07-22T09:33:37+00:00","dateModified":"2023-05-03T09:39:37+00:00","breadcrumb":{"@id":"https:\/\/stop-finning-eu.org\/fr\/revendication\/#breadcrumb"},"inLanguage":"fr-FR","potentialAction":[{"@type":"ReadAction","target":["https:\/\/stop-finning-eu.org\/fr\/revendication\/"]}]},{"@type":"BreadcrumbList","@id":"https:\/\/stop-finning-eu.org\/fr\/revendication\/#breadcrumb","itemListElement":[{"@type":"ListItem","position":1,"name":"Startseite","item":"https:\/\/stop-finning-eu.org\/fr\/"},{"@type":"ListItem","position":2,"name":"Revendication"}]},{"@type":"WebSite","@id":"https:\/\/stop-finning-eu.org\/#website","url":"https:\/\/stop-finning-eu.org\/","name":"STOP FINNING","description":"It\u00b4s time for Europe to act!","potentialAction":[{"@type":"SearchAction","target":{"@type":"EntryPoint","urlTemplate":"https:\/\/stop-finning-eu.org\/?s={search_term_string}"},"query-input":{"@type":"PropertyValueSpecification","valueRequired":true,"valueName":"search_term_string"}}],"inLanguage":"fr-FR"}]}},"_links":{"self":[{"href":"https:\/\/stop-finning-eu.org\/fr\/wp-json\/wp\/v2\/pages\/3846","targetHints":{"allow":["GET"]}}],"collection":[{"href":"https:\/\/stop-finning-eu.org\/fr\/wp-json\/wp\/v2\/pages"}],"about":[{"href":"https:\/\/stop-finning-eu.org\/fr\/wp-json\/wp\/v2\/types\/page"}],"author":[{"embeddable":true,"href":"https:\/\/stop-finning-eu.org\/fr\/wp-json\/wp\/v2\/users\/6"}],"replies":[{"embeddable":true,"href":"https:\/\/stop-finning-eu.org\/fr\/wp-json\/wp\/v2\/comments?post=3846"}],"version-history":[{"count":6,"href":"https:\/\/stop-finning-eu.org\/fr\/wp-json\/wp\/v2\/pages\/3846\/revisions"}],"predecessor-version":[{"id":15441,"href":"https:\/\/stop-finning-eu.org\/fr\/wp-json\/wp\/v2\/pages\/3846\/revisions\/15441"}],"wp:attachment":[{"href":"https:\/\/stop-finning-eu.org\/fr\/wp-json\/wp\/v2\/media?parent=3846"}],"curies":[{"name":"wp","href":"https:\/\/api.w.org\/{rel}","templated":true}]}}