{"id":3674,"date":"2019-07-22T11:33:37","date_gmt":"2019-07-22T09:33:37","guid":{"rendered":"https:\/\/stop-finning.eu\/?page_id=3674"},"modified":"2023-05-03T11:40:00","modified_gmt":"2023-05-03T09:40:00","slug":"richiesta","status":"publish","type":"page","link":"https:\/\/stop-finning-eu.org\/it\/richiesta\/","title":{"rendered":"Richiesta"},"content":{"rendered":"<p><div class=\"fusion-fullwidth fullwidth-box fusion-builder-row-1 nonhundred-percent-fullwidth non-hundred-percent-height-scrolling\" style=\"background-color: #25292b;background-position: left top;background-repeat: no-repeat;padding-top:100px;padding-right:0px;padding-bottom:0px;padding-left:0px;margin-bottom: 0px;margin-top: 0px;border-width: 0px 0px 0px 0px;border-color:#25292b;border-style:solid;\" ><div class=\"fusion-builder-row fusion-row\"><div class=\"fusion-layout-column fusion_builder_column fusion-builder-column-0 fusion_builder_column_1_1 1_1 fusion-one-full fusion-column-first fusion-column-last fusion-column-no-min-height\" style=\"margin-top:0px;margin-bottom:0px;\"><div class=\"fusion-column-wrapper fusion-flex-column-wrapper-legacy\" style=\"background-position:left top;background-repeat:no-repeat;-webkit-background-size:cover;-moz-background-size:cover;-o-background-size:cover;background-size:cover;padding: 0px 0px 0px 0px;\"><div class=\"fusion-text fusion-text-1\"><h2 style=\"text-align: left;\">Richiesta<\/h2>\n<\/div><div class=\"fusion-clearfix\"><\/div><\/div><\/div><\/div><\/div><div class=\"fusion-fullwidth fullwidth-box fusion-builder-row-2 nonhundred-percent-fullwidth non-hundred-percent-height-scrolling\" style=\"background-color: #25292b;background-position: center center;background-repeat: no-repeat;padding-top:0px;padding-right:0px;padding-bottom:70px;padding-left:0px;margin-bottom: 0px;margin-top: 0px;border-width: 0px 0px 0px 0px;border-color:#25292b;border-style:solid;\" ><div class=\"fusion-builder-row fusion-row\"><div class=\"fusion-layout-column fusion_builder_column fusion-builder-column-1 fusion_builder_column_1_1 1_1 fusion-one-full fusion-column-first fusion-column-last\" style=\"margin-top:0px;margin-bottom:20px;\"><div class=\"fusion-column-wrapper fusion-flex-column-wrapper-legacy\" style=\"background-position:left top;background-repeat:no-repeat;-webkit-background-size:cover;-moz-background-size:cover;-o-background-size:cover;background-size:cover;padding: 0px 0px 0px 0px;\"><div class=\"fusion-text fusion-text-2\"><p><span data-sheets-value=\"{\" data-sheets-userformat=\"{\">L\u2019Iniziativa dei Cittadini Europei \u201cSTOP FINNING \u2013 STOP THE TRADE\u201d \u00e8 sostenuta da pi\u00f9 di 100 associazioni, numerosi partner e molti volontari, oltre agli 1,119,996 cittadini europei che hanno presentato la propria dichiarazione di sostegno alla sua proposta.<\/span><\/p>\n<p>Qual \u00e8 lo scopo di questa ICE? La sua richiesta \u00e8 quella di mettere fine al commercio delle pinne di squalo in Europa. La pesca degli squali per le loro pinne \u00e8 uno dei maggiori fattori di rischio per la loro sopravvivenza. Il problema non \u00e8 costituito solo dal &#8216;finning&#8217; in senso stretto, ossia dalla brutale pratica che consiste nel catturare uno squalo, tagliare le sue pinne e rigettare l\u2019animale in mare spesso quando questo \u00e8 ancora vivo causandone la morte per soffocamento o dissanguamento. Fortunatamente questa pratica \u00e8 stata vietata nell\u2019Unione Europe con il Regolamento &#8220;Fins Naturally Attached&#8221; (EU) No 605\/2013 del Parlamento e del Consiglio Europei, attualmente in vigore.<\/p>\n<p>Nonostante ci\u00f2, il 45% delle pinne importate in Asia provengono dall\u2019UE. Anche se agli squali viene risparmiata la sofferenza dello spinnamento a bordo delle navi permane un grave problema associato al commercio delle sole pinne, il cui valore commerciale \u00e8 molto elevato. L\u2019impatto di questo commercio sulla biodiversit\u00e0 \u00e8 molto maggiore di quanto si possa pensare soprattutto considerando che ogni singola specie ha un ruolo fondamentale nell\u2019ecosistema marino. Quando si perde una specie si innesca una catena di squilibri che non hanno un impatto solo sugli squali ma su tutti noi.<\/p>\n<p>Per tutti i motivi citati la richiesta di questa ICE \u00e8 quella di modificare la regolamentazione sul commercio delle pinne di squalo separate dal corpo. L\u2019attuale Regolamento &#8220;Fins Naturally Attached&#8221; vieta che le pinne vengano rimosse dal corpo dello squalo prima dello sbarco. Per poter far cessare il commercio delle pinne di squalo \u00e8 necessario estendere la legge in modo tale da mettere in atto un bando su esportazione, importazione e transito delle sole pinne!<\/p>\n<\/div><div class=\"fusion-clearfix\"><\/div><\/div><\/div><\/div><\/div><\/p>\n","protected":false},"excerpt":{"rendered":"","protected":false},"author":6,"featured_media":0,"parent":0,"menu_order":0,"comment_status":"closed","ping_status":"closed","template":"100-width.php","meta":{"footnotes":""},"class_list":["post-3674","page","type-page","status-publish","hentry"],"yoast_head":"<!-- This site is optimized with the Yoast SEO plugin v26.1.1 - https:\/\/yoast.com\/wordpress\/plugins\/seo\/ -->\n<title>Richiesta - STOP FINNING<\/title>\n<meta name=\"robots\" content=\"index, follow, max-snippet:-1, max-image-preview:large, max-video-preview:-1\" \/>\n<link rel=\"canonical\" href=\"https:\/\/stop-finning-eu.org\/it\/richiesta\/\" \/>\n<meta property=\"og:locale\" content=\"it_IT\" \/>\n<meta property=\"og:type\" content=\"article\" \/>\n<meta property=\"og:title\" content=\"Richiesta - STOP FINNING\" \/>\n<meta property=\"og:url\" content=\"https:\/\/stop-finning-eu.org\/it\/richiesta\/\" \/>\n<meta property=\"og:site_name\" content=\"STOP FINNING\" \/>\n<meta property=\"article:modified_time\" content=\"2023-05-03T09:40:00+00:00\" \/>\n<meta property=\"og:image\" content=\"https:\/\/stop-finning-eu.org\/wp-content\/uploads\/2020\/02\/stop_finning_eu-en-1024x724.jpg\" \/>\n\t<meta property=\"og:image:width\" content=\"1024\" \/>\n\t<meta property=\"og:image:height\" content=\"724\" \/>\n\t<meta property=\"og:image:type\" content=\"image\/jpeg\" \/>\n<meta name=\"twitter:card\" content=\"summary_large_image\" \/>\n<meta name=\"twitter:label1\" content=\"Tempo di lettura stimato\" \/>\n\t<meta name=\"twitter:data1\" content=\"3 minuti\" \/>\n<script type=\"application\/ld+json\" class=\"yoast-schema-graph\">{\"@context\":\"https:\/\/schema.org\",\"@graph\":[{\"@type\":\"WebPage\",\"@id\":\"https:\/\/stop-finning-eu.org\/it\/richiesta\/\",\"url\":\"https:\/\/stop-finning-eu.org\/it\/richiesta\/\",\"name\":\"Richiesta - STOP FINNING\",\"isPartOf\":{\"@id\":\"https:\/\/stop-finning-eu.org\/#website\"},\"datePublished\":\"2019-07-22T09:33:37+00:00\",\"dateModified\":\"2023-05-03T09:40:00+00:00\",\"breadcrumb\":{\"@id\":\"https:\/\/stop-finning-eu.org\/it\/richiesta\/#breadcrumb\"},\"inLanguage\":\"it-IT\",\"potentialAction\":[{\"@type\":\"ReadAction\",\"target\":[\"https:\/\/stop-finning-eu.org\/it\/richiesta\/\"]}]},{\"@type\":\"BreadcrumbList\",\"@id\":\"https:\/\/stop-finning-eu.org\/it\/richiesta\/#breadcrumb\",\"itemListElement\":[{\"@type\":\"ListItem\",\"position\":1,\"name\":\"Startseite\",\"item\":\"https:\/\/stop-finning-eu.org\/it\/\"},{\"@type\":\"ListItem\",\"position\":2,\"name\":\"Richiesta\"}]},{\"@type\":\"WebSite\",\"@id\":\"https:\/\/stop-finning-eu.org\/#website\",\"url\":\"https:\/\/stop-finning-eu.org\/\",\"name\":\"STOP FINNING\",\"description\":\"It\u00b4s time for Europe to act!\",\"potentialAction\":[{\"@type\":\"SearchAction\",\"target\":{\"@type\":\"EntryPoint\",\"urlTemplate\":\"https:\/\/stop-finning-eu.org\/?s={search_term_string}\"},\"query-input\":{\"@type\":\"PropertyValueSpecification\",\"valueRequired\":true,\"valueName\":\"search_term_string\"}}],\"inLanguage\":\"it-IT\"}]}<\/script>\n<!-- \/ Yoast SEO plugin. -->","yoast_head_json":{"title":"Richiesta - STOP FINNING","robots":{"index":"index","follow":"follow","max-snippet":"max-snippet:-1","max-image-preview":"max-image-preview:large","max-video-preview":"max-video-preview:-1"},"canonical":"https:\/\/stop-finning-eu.org\/it\/richiesta\/","og_locale":"it_IT","og_type":"article","og_title":"Richiesta - STOP FINNING","og_url":"https:\/\/stop-finning-eu.org\/it\/richiesta\/","og_site_name":"STOP FINNING","article_modified_time":"2023-05-03T09:40:00+00:00","og_image":[{"width":1024,"height":724,"url":"https:\/\/stop-finning-eu.org\/wp-content\/uploads\/2020\/02\/stop_finning_eu-en-1024x724.jpg","type":"image\/jpeg"}],"twitter_card":"summary_large_image","twitter_misc":{"Tempo di lettura stimato":"3 minuti"},"schema":{"@context":"https:\/\/schema.org","@graph":[{"@type":"WebPage","@id":"https:\/\/stop-finning-eu.org\/it\/richiesta\/","url":"https:\/\/stop-finning-eu.org\/it\/richiesta\/","name":"Richiesta - STOP FINNING","isPartOf":{"@id":"https:\/\/stop-finning-eu.org\/#website"},"datePublished":"2019-07-22T09:33:37+00:00","dateModified":"2023-05-03T09:40:00+00:00","breadcrumb":{"@id":"https:\/\/stop-finning-eu.org\/it\/richiesta\/#breadcrumb"},"inLanguage":"it-IT","potentialAction":[{"@type":"ReadAction","target":["https:\/\/stop-finning-eu.org\/it\/richiesta\/"]}]},{"@type":"BreadcrumbList","@id":"https:\/\/stop-finning-eu.org\/it\/richiesta\/#breadcrumb","itemListElement":[{"@type":"ListItem","position":1,"name":"Startseite","item":"https:\/\/stop-finning-eu.org\/it\/"},{"@type":"ListItem","position":2,"name":"Richiesta"}]},{"@type":"WebSite","@id":"https:\/\/stop-finning-eu.org\/#website","url":"https:\/\/stop-finning-eu.org\/","name":"STOP FINNING","description":"It\u00b4s time for Europe to act!","potentialAction":[{"@type":"SearchAction","target":{"@type":"EntryPoint","urlTemplate":"https:\/\/stop-finning-eu.org\/?s={search_term_string}"},"query-input":{"@type":"PropertyValueSpecification","valueRequired":true,"valueName":"search_term_string"}}],"inLanguage":"it-IT"}]}},"_links":{"self":[{"href":"https:\/\/stop-finning-eu.org\/it\/wp-json\/wp\/v2\/pages\/3674","targetHints":{"allow":["GET"]}}],"collection":[{"href":"https:\/\/stop-finning-eu.org\/it\/wp-json\/wp\/v2\/pages"}],"about":[{"href":"https:\/\/stop-finning-eu.org\/it\/wp-json\/wp\/v2\/types\/page"}],"author":[{"embeddable":true,"href":"https:\/\/stop-finning-eu.org\/it\/wp-json\/wp\/v2\/users\/6"}],"replies":[{"embeddable":true,"href":"https:\/\/stop-finning-eu.org\/it\/wp-json\/wp\/v2\/comments?post=3674"}],"version-history":[{"count":6,"href":"https:\/\/stop-finning-eu.org\/it\/wp-json\/wp\/v2\/pages\/3674\/revisions"}],"predecessor-version":[{"id":15442,"href":"https:\/\/stop-finning-eu.org\/it\/wp-json\/wp\/v2\/pages\/3674\/revisions\/15442"}],"wp:attachment":[{"href":"https:\/\/stop-finning-eu.org\/it\/wp-json\/wp\/v2\/media?parent=3674"}],"curies":[{"name":"wp","href":"https:\/\/api.w.org\/{rel}","templated":true}]}}